

{"id":3,"date":"2023-08-01T23:58:36","date_gmt":"2023-08-01T23:58:36","guid":{"rendered":"https:\/\/blogs.1edo.com\/?page_id=3"},"modified":"2024-05-30T01:52:23","modified_gmt":"2024-05-30T01:52:23","slug":"privacy-policy","status":"publish","type":"page","link":"https:\/\/blogs41.1edo.com\/at\/privacy-policy\/","title":{"rendered":"Datenschutzrichtlinie"},"content":{"rendered":"<style type=\"text\/css\" data-created_by=\"avia_inline_auto\" id=\"style-css-av-av_section-52d6baff8bfb617c867925a6fbc1b98b\">\n.avia-section.av-av_section-52d6baff8bfb617c867925a6fbc1b98b{\nbackground-color:#fafafa;\nbackground-image:unset;\nmargin-top:0px;\nmargin-bottom:0px;\n}\n<\/style>\n<div id='av_section_1'  class='avia-section av-av_section-52d6baff8bfb617c867925a6fbc1b98b main_color avia-section-small avia-no-border-styling  avia-builder-el-0  el_before_av_section  avia-builder-el-first  avia-bg-style-scroll container_wrap sidebar_right'  ><div class='container av-section-cont-open' ><main  role=\"main\" itemprop=\"mainContentOfPage\"  class='template-page content  av-content-small alpha units'><div class='post-entry post-entry-type-page post-entry-3'><div class='entry-content-wrapper clearfix'>\n\n<style type=\"text\/css\" data-created_by=\"avia_inline_auto\" id=\"style-css-av-av_one_full-5c2940aec08386bc66704c18cd7c0942\">\n#top .flex_column.av-av_one_full-5c2940aec08386bc66704c18cd7c0942{\nmargin-top:0px;\nmargin-bottom:0px;\n}\n.flex_column.av-av_one_full-5c2940aec08386bc66704c18cd7c0942{\npadding:0% 0% 0% 0%;\n}\n.responsive #top #wrap_all .flex_column.av-av_one_full-5c2940aec08386bc66704c18cd7c0942{\nmargin-top:0px;\nmargin-bottom:0px;\n}\n<\/style>\n<div class='flex_column av-av_one_full-5c2940aec08386bc66704c18cd7c0942 av_one_full  avia-builder-el-1  avia-builder-el-no-sibling  first flex_column_div av-animated-generic left-to-right av-zero-column-padding'     ><style type=\"text\/css\" data-created_by=\"avia_inline_auto\" id=\"style-css-av-av_heading-7f303b903b2a7fa0eff1b81b8e8e9f4a\">\n#top .av-special-heading.av-av_heading-7f303b903b2a7fa0eff1b81b8e8e9f4a{\nmargin:0% 0% 0% 0%;\npadding-bottom:0;\ncolor:#5d5f5f;\nfont-size:24px;\n}\nbody .av-special-heading.av-av_heading-7f303b903b2a7fa0eff1b81b8e8e9f4a .av-special-heading-tag .heading-char{\nfont-size:25px;\n}\n#top #wrap_all .av-special-heading.av-av_heading-7f303b903b2a7fa0eff1b81b8e8e9f4a .av-special-heading-tag{\nfont-size:24px;\npadding:0% 0% 0% 0%;\n}\n.av-special-heading.av-av_heading-7f303b903b2a7fa0eff1b81b8e8e9f4a .special-heading-inner-border{\nborder-color:#5d5f5f;\n}\n.av-special-heading.av-av_heading-7f303b903b2a7fa0eff1b81b8e8e9f4a .av-subheading{\nfont-size:15px;\n}\n\n@media only screen and (max-width: 479px){ \n#top #wrap_all .av-special-heading.av-av_heading-7f303b903b2a7fa0eff1b81b8e8e9f4a .av-special-heading-tag{\nfont-size:20px;\n}\n}\n\n@media only screen and (min-width: 480px) and (max-width: 767px){ \n#top #wrap_all .av-special-heading.av-av_heading-7f303b903b2a7fa0eff1b81b8e8e9f4a .av-special-heading-tag{\nfont-size:0.8em;\n}\n}\n<\/style>\n<div  class='av-special-heading av-av_heading-7f303b903b2a7fa0eff1b81b8e8e9f4a av-special-heading-h1 custom-color-heading blockquote modern-quote  avia-builder-el-2  avia-builder-el-no-sibling  av-inherit-size'><h1 class='av-special-heading-tag'  itemprop=\"headline\"  >DATENSCHUTZRICHTLINIE<\/h1><div class=\"special-heading-border\"><div class=\"special-heading-inner-border\"><\/div><\/div><\/div><\/div>\n\n<\/div><\/div><\/main><!-- close content main element --><\/div><\/div>\n<style type=\"text\/css\" data-created_by=\"avia_inline_auto\" id=\"style-css-av-av_section-e80c29b93aac01dba0f3b6b54b77d0cf\">\n.avia-section.av-av_section-e80c29b93aac01dba0f3b6b54b77d0cf{\nmargin-top:2%;\nmargin-bottom:2%;\n}\n<\/style>\n<div id='av_section_2'  class='avia-section av-av_section-e80c29b93aac01dba0f3b6b54b77d0cf main_color avia-section-default avia-no-border-styling  avia-builder-el-3  el_after_av_section  avia-builder-el-last  avia-bg-style-scroll container_wrap sidebar_right'  ><div class='container av-section-cont-open' ><div class='template-page content  av-content-small alpha units'><div class='post-entry post-entry-type-page post-entry-3'><div class='entry-content-wrapper clearfix'>\n\n<style type=\"text\/css\" data-created_by=\"avia_inline_auto\" id=\"style-css-av-av_one_full-1ba6b84490bca59551541b57ca4133f4\">\n#top .flex_column.av-av_one_full-1ba6b84490bca59551541b57ca4133f4{\nmargin-top:0%;\nmargin-bottom:0%;\n}\n.flex_column.av-av_one_full-1ba6b84490bca59551541b57ca4133f4{\npadding:0% 0% 0% 0%;\n}\n.responsive #top #wrap_all .flex_column.av-av_one_full-1ba6b84490bca59551541b57ca4133f4{\nmargin-top:0%;\nmargin-bottom:0%;\n}\n<\/style>\n<div class='flex_column av-av_one_full-1ba6b84490bca59551541b57ca4133f4 av_one_full  avia-builder-el-4  avia-builder-el-no-sibling  first flex_column_div av-animated-generic fade-in av-zero-column-padding'     ><p>\n<style type=\"text\/css\" data-created_by=\"avia_inline_auto\" id=\"style-css-av-av_heading-24fbc5292636c2a41432412266ef7bf8\">\n#top .av-special-heading.av-av_heading-24fbc5292636c2a41432412266ef7bf8{\nmargin:0% 0% 0% 0%;\npadding-bottom:0;\nfont-size:48px;\n}\nbody .av-special-heading.av-av_heading-24fbc5292636c2a41432412266ef7bf8 .av-special-heading-tag .heading-char{\nfont-size:25px;\n}\n#top #wrap_all .av-special-heading.av-av_heading-24fbc5292636c2a41432412266ef7bf8 .av-special-heading-tag{\nfont-size:48px;\npadding:0% 0% 1% 0%;\n}\n.av-special-heading.av-av_heading-24fbc5292636c2a41432412266ef7bf8 .av-subheading{\nfont-size:15px;\n}\n\n@media only screen and (max-width: 479px){ \n#top #wrap_all .av-special-heading.av-av_heading-24fbc5292636c2a41432412266ef7bf8 .av-special-heading-tag{\nfont-size:28px;\n}\n}\n\n@media only screen and (min-width: 480px) and (max-width: 767px){ \n#top #wrap_all .av-special-heading.av-av_heading-24fbc5292636c2a41432412266ef7bf8 .av-special-heading-tag{\nfont-size:0.8em;\n}\n}\n<\/style>\n<div  class='av-special-heading av-av_heading-24fbc5292636c2a41432412266ef7bf8 av-special-heading-h1 blockquote modern-quote  avia-builder-el-5  el_before_av_textblock  avia-builder-el-first  av-inherit-size'><h1 class='av-special-heading-tag'  itemprop=\"headline\"  >DATENSCHUTZERKL\u00c4RUNG DER 1edo-WEBSITE<\/h1><div class=\"special-heading-border\"><div class=\"special-heading-inner-border\"><\/div><\/div><\/div><br \/>\n\n<style type=\"text\/css\" data-created_by=\"avia_inline_auto\" id=\"style-css-av-av_textblock-c45a5ea5b29b5b872b961519468d19fe\">\n#top .av_textblock_section.av-av_textblock-c45a5ea5b29b5b872b961519468d19fe .avia_textblock{\nfont-size:16px;\ntext-align:left;\n}\n\n@media only screen and (max-width: 479px){ \n#top .av_textblock_section.av-av_textblock-c45a5ea5b29b5b872b961519468d19fe .avia_textblock{\nfont-size:16px;\n}\n}\n<\/style>\n<section  class='av_textblock_section av-av_textblock-c45a5ea5b29b5b872b961519468d19fe'  itemscope=\"itemscope\" itemtype=\"https:\/\/schema.org\/CreativeWork\" ><div class='avia_textblock nocti_polly_vbnmdfgv'  itemprop=\"text\" ><p>Zuletzt aktualisiert: Juli 2023<br \/>\nIn dieser Datenschutzerkl\u00e4rung wird erl\u00e4utert, wie 1edo personenbezogene Daten von Besuchern seiner Websites und mobilen Websites, die direkt auf diese Erkl\u00e4rung verweisen (zusammen \u201eWebsites\u201c), sammelt und verwendet. Ihre personenbezogenen Daten werden kontrolliert von<br \/>\n1edo Europe SA (zusammen \u201e1edo\u201c, \u201eWir\u201c und \u201eUns\u201c).<\/p>\n<h1>AKTIV \u00dcBERMITTELTE DATEN<\/h1>\n<p>Wenn Sie uns anrufen, uns eine E-Mail senden oder ein Formular auf einer unserer Websites ausf\u00fcllen, verwenden wir die von Ihnen bereitgestellten Informationen, um auf Ihre Anfrage zu antworten oder anderweitig mit Ihnen zu kommunizieren oder Ihnen zu helfen. Wenn Sie \u00fcber unsere Websites Eink\u00e4ufe t\u00e4tigen, erfassen wir m\u00f6glicherweise Daten, die zur Bearbeitung Ihrer Bestellung erforderlich sind, wie z. B. Ihre Lieferadresse, bestellte Produkte und Ihre Kontaktinformationen.<\/p>\n<h1>PASSIV BEREITGESTELLTE DATEN<\/h1>\n<p>Wenn Sie auf unsere Websites zugreifen, werden uns je nach Ihren Opt-in-Einstellungen bestimmte Informationen \u00fcber Ihren Computer oder Ihr Mobilger\u00e4t \u00fcbermittelt. Dazu k\u00f6nnen Ihre Aktivit\u00e4ten auf unseren Websites, die Art der von Ihnen verwendeten Hardware und Software (wie Ihr Betriebssystem oder Browser), in Cookies gespeicherte Informationen, IP-Adresse, Zugriffszeiten, die Webseiten, von denen Sie kamen, die Regionen, aus denen Sie auf die Webseite navigieren, und die Webseiten, auf die Sie zugreifen, geh\u00f6ren. Wir verwenden diese Informationen, um die Interessen der Benutzer unserer Websites besser zu verstehen und unsere Websites, Dienste und Produkte zu verbessern.<\/p>\n<p>Da wir versuchen, ein individuelles Website-Erlebnis zu bieten, reagieren wir derzeit nicht auf \u201eDo Not Track\u201c-Signale in Browsern.<\/p>\n<h1>KEKSE<\/h1>\n<p>1edo verwendet Cookies, im Wesentlichen kleine Datendateien, die auf Ihrem Computer, Tablet, Mobiltelefon oder anderen Ger\u00e4ten abgelegt werden. Klicken Sie hier, um mehr \u00fcber Cookies zu erfahren.<\/p>\n<h1>VERWENDUNG UND WEITERGABE VON DATEN<\/h1>\n<p>Wir verwenden die von uns gesammelten Daten, um Ihnen umfassende, interaktive Erlebnisse zu bieten. Insbesondere k\u00f6nnen wir Daten verwenden, um:<\/p>\n<ul>\n<li>auf Ihre Anfrage hin die Dienstleistung zu erbringen oder die Transaktionen durchzuf\u00fchren;<\/li>\n<li>unsere Produkte zu verbessern und weiterzuentwickeln;<\/li>\n<li>personalisieren Sie Ihr Erlebnis;<\/li>\n<li>Bearbeitung von Bewerbungen, die Sie \u00fcber unsere Websites einreichen;<\/li>\n<li>Werbung und Marketing an Sie gem\u00e4\u00df den geltenden gesetzlichen Bestimmungen, die das Senden von Werbebotschaften, das Targeting umfassen k\u00f6nnen<\/li>\n<li>Werbung und um Ihnen relevante Angebote zu unterbreiten.<\/li>\n<\/ul>\n<h1>KINDER<\/h1>\n<p>Wir sammeln oder speichern wissentlich keine Informationen \u00fcber Personen unter 13 Jahren. Wenn wir erfahren, dass Informationen \u00fcber Personen unter 13 Jahren auf oder \u00fcber die Websites gesammelt wurden, ergreifen wir geeignete Ma\u00dfnahmen, um diese Informationen zu l\u00f6schen. Wenn Sie ein Elternteil oder Erziehungsberechtigter eines Kindes unter 13 Jahren sind, das sich f\u00fcr ein Konto oder einen Dienst auf unseren Websites registriert hat, kontaktieren Sie uns bitte unter den unten angegebenen Kontaktinformationen, um das Konto oder den Dienst dieses Kindes zu k\u00fcndigen und die pers\u00f6nlichen Informationen zu l\u00f6schen.<\/p>\n<h1>VORRATSDATENSPEICHERUNG<\/h1>\n<p>Wir bewahren personenbezogene Daten so lange auf, wie es f\u00fcr die Bereitstellung der Funktionalit\u00e4t und die Durchf\u00fchrung der von Ihnen angeforderten Transaktionen erforderlich ist, oder f\u00fcr andere legitime Zwecke, wie die Einhaltung unserer gesetzlichen Verpflichtungen, die Beilegung von Streitigkeiten und die Durchsetzung unserer Vereinbarungen. Da diese Anforderungen je nach Datentyp, Kontext unserer Interaktionen mit Ihnen oder Ihrer Nutzung unserer Websites unterschiedlich sein k\u00f6nnen, k\u00f6nnen die tats\u00e4chlichen Aufbewahrungsfristen erheblich variieren.<\/p>\n<h1>DATENSICHERHEIT<\/h1>\n<p>Wir verwenden TLS-Zertifikate, Verschl\u00fcsselung, Datenzugriffsbeschr\u00e4nkungen, Antivirensoftware und Firewalls, um das Risiko eines unbefugten Zugriffs auf personenbezogene Daten zu verringern. Keine Daten\u00fcbertragung \u00fcber das Internet oder ein drahtloses Netzwerk ist vollkommen sicher. Seien Sie sich der Sicherheitsrisiken bewusst, wenn Sie uns personenbezogene Daten \u00fcbermitteln und wenn Sie Informationen in unseren \u00f6ffentlichen Foren ver\u00f6ffentlichen.<br \/>\nWenn Sie Sicherheitsprobleme bei einem unserer Produkte melden m\u00f6chten, f\u00fcllen Sie bitte das Formular und die erforderlichen Anh\u00e4nge aus und senden Sie es an 1edo Security.<\/p>\n<h1>KONTROLLE UND ZUGRIFF AUF IHRE INFORMATIONEN<\/h1>\n<p>Sie k\u00f6nnen verlangen, dass wir bestimmte Sie betreffende Informationen aktualisieren oder l\u00f6schen\/deaktivieren.<\/p>\n<p>Wenn wir einige pers\u00f6nliche Informationen nicht entfernen k\u00f6nnen, teilen wir Ihnen den Grund daf\u00fcr mit. Wenn Sie Marketing-E-Mails abonniert haben, k\u00f6nnen Sie die Zustellung stoppen, indem Sie den Anweisungen zum Abbestellen in der erhaltenen E-Mail oder auf der Abonnementverwaltungsseite auf unserer Website folgen: https:\/\/blogs.1edo.com\/subscribe.<\/p>\n<p>Sie haben au\u00dferdem das Recht, Auskunft dar\u00fcber zu erhalten, wie Ihre Daten verarbeitet werden und mit wem wir sie teilen.<\/p>\n<p>Wenn Sie au\u00dferdem der Meinung sind, dass bestimmte von 1edo \u00fcber Sie verarbeitete Informationen nicht korrekt sind, haben Sie das Recht, diese Informationen korrigieren zu lassen.<\/p>\n<p>Wir werden uns bem\u00fchen, Ihre Anfrage zur \u00dcberpr\u00fcfung der bei uns \u00fcber Sie gespeicherten Informationen innerhalb von 30 Tagen nach Erhalt zu beantworten.<\/p>\n<p>Wenn Sie Fragen oder Kommentare haben oder eine Anfrage zu Ihren Daten oder unserer Erkl\u00e4rung, fr\u00fcheren Erkl\u00e4rungen und Datenschutzpraktiken stellen m\u00f6chten, kontaktieren Sie uns bitte unter support.1edo.com\/response-center oder auf eine der folgenden Arten:<\/p>\n<p>Telefon: +86-755-61811368<br \/>\nKontakt: support.1edo.com\/response-center<br \/>\nPostanschrift: 5F, Geb\u00e4ude B20, Hengfeng Industriepark, Xixiangtown, Bezirk Bao&#039;an, Shenzhen, China<\/p>\n<p>Wenn Sie mit unserer Antwort nicht zufrieden sind, k\u00f6nnen Sie Ihre Datenschutzbeschwerde oder Ihren Streitfall an die zust\u00e4ndige staatliche oder nationale Datenschutzbeh\u00f6rde in Ihrem Zust\u00e4ndigkeitsbereich weiterleiten.<\/p>\n<h1>\u00c4NDERUNG DIESER ERKL\u00c4RUNG<\/h1>\n<p>Wir werden diese Erkl\u00e4rung gelegentlich aktualisieren. Wenn es wesentliche \u00c4nderungen an dieser Erkl\u00e4rung oder an der Art und Weise gibt, wie wir Ihre pers\u00f6nlichen Daten verwenden, werden wir die \u00c4nderungen deutlich sichtbar ver\u00f6ffentlichen, bevor wir sie vornehmen.<\/p>\n<p>Ohne Ihre Zustimmung werden wir keine \u00c4nderungen vornehmen, die den Schutz Ihrer in der Vergangenheit erhobenen personenbezogenen Daten verringern.<\/p>\n<p>Wir empfehlen Ihnen, diese Erkl\u00e4rung regelm\u00e4\u00dfig durchzusehen, um auf dem Laufenden zu bleiben, wie wir Ihre Daten sch\u00fctzen.<\/p>\n<p>Vielen Dank f\u00fcr Ihr Interesse an 1edo und unseren Produkten und Dienstleistungen.<\/p>\n<\/div><\/section><\/p><\/div>\n<\/div><\/div><\/div><!-- close content main div --><\/div><\/div><div id='after_section_2'  class='main_color av_default_container_wrap container_wrap sidebar_right'  ><div class='container av-section-cont-open' ><div class='template-page content  av-content-small alpha units'><div class='post-entry post-entry-type-page post-entry-3'><div class='entry-content-wrapper clearfix'>","protected":false},"excerpt":{"rendered":"","protected":false},"author":1,"featured_media":0,"parent":0,"menu_order":0,"comment_status":"closed","ping_status":"open","template":"","meta":{"footnotes":""},"class_list":["post-3","page","type-page","status-publish","hentry"],"yoast_head":"<!-- This site is optimized with the Yoast SEO Premium plugin v26.5 (Yoast SEO v26.7) - https:\/\/yoast.com\/wordpress\/plugins\/seo\/ -->\n<title>Privacy Policy - 1edo blogs<\/title>\n<meta name=\"description\" content=\"1edo blogs Privacy Policy, At 1edo, we prioritize your privacy. Learn more about our product privacy policy and how we protect Your personal information. Please visit us now to read our policy.\" \/>\n<meta name=\"robots\" content=\"index, follow, max-snippet:-1, max-image-preview:large, max-video-preview:-1\" \/>\n<link rel=\"canonical\" href=\"https:\/\/blogs41.1edo.com\/at\/privacy-policy\/\" \/>\n<meta property=\"og:locale\" content=\"de_DE\" \/>\n<meta property=\"og:type\" content=\"article\" \/>\n<meta property=\"og:title\" content=\"Privacy Policy\" \/>\n<meta property=\"og:description\" content=\"1edo blogs Privacy Policy, At 1edo, we prioritize your privacy. Learn more about our product privacy policy and how we protect Your personal information. Please visit us now to read our policy.\" \/>\n<meta property=\"og:url\" content=\"https:\/\/blogs41.1edo.com\/at\/privacy-policy\/\" \/>\n<meta property=\"og:site_name\" content=\"1edo blogs\" \/>\n<meta property=\"article:modified_time\" content=\"2024-05-30T01:52:23+00:00\" \/>\n<meta name=\"twitter:card\" content=\"summary_large_image\" \/>\n<meta name=\"twitter:label1\" content=\"Gesch\u00e4tzte Lesezeit\" \/>\n\t<meta name=\"twitter:data1\" content=\"8 Minuten\" \/>\n<script type=\"application\/ld+json\" class=\"yoast-schema-graph\">{\"@context\":\"https:\/\/schema.org\",\"@graph\":[{\"@type\":\"WebPage\",\"@id\":\"https:\/\/blogs41.1edo.com\/privacy-policy\/\",\"url\":\"https:\/\/blogs41.1edo.com\/privacy-policy\/\",\"name\":\"Privacy Policy - 1edo blogs\",\"isPartOf\":{\"@id\":\"https:\/\/blogs41.1edo.com\/#website\"},\"datePublished\":\"2023-08-01T23:58:36+00:00\",\"dateModified\":\"2024-05-30T01:52:23+00:00\",\"description\":\"1edo blogs Privacy Policy, At 1edo, we prioritize your privacy. Learn more about our product privacy policy and how we protect Your personal information. Please visit us now to read our policy.\",\"breadcrumb\":{\"@id\":\"https:\/\/blogs41.1edo.com\/privacy-policy\/#breadcrumb\"},\"inLanguage\":\"de-AT\",\"potentialAction\":[{\"@type\":\"ReadAction\",\"target\":[\"https:\/\/blogs41.1edo.com\/privacy-policy\/\"]}]},{\"@type\":\"BreadcrumbList\",\"@id\":\"https:\/\/blogs41.1edo.com\/privacy-policy\/#breadcrumb\",\"itemListElement\":[{\"@type\":\"ListItem\",\"position\":1,\"name\":\"Home\",\"item\":\"https:\/\/blogs41.1edo.com\/\"},{\"@type\":\"ListItem\",\"position\":2,\"name\":\"Privacy Policy\"}]},{\"@type\":\"WebSite\",\"@id\":\"https:\/\/blogs41.1edo.com\/#website\",\"url\":\"https:\/\/blogs41.1edo.com\/\",\"name\":\"1edo blogs\",\"description\":\"1edo blogs\",\"potentialAction\":[{\"@type\":\"SearchAction\",\"target\":{\"@type\":\"EntryPoint\",\"urlTemplate\":\"https:\/\/blogs41.1edo.com\/?s={search_term_string}\"},\"query-input\":{\"@type\":\"PropertyValueSpecification\",\"valueRequired\":true,\"valueName\":\"search_term_string\"}}],\"inLanguage\":\"de-AT\"}]}<\/script>\n<!-- \/ Yoast SEO Premium plugin. -->","yoast_head_json":{"title":"Datenschutzrichtlinie - 1edo Blogs","description":"1edo blogs Privacy Policy, At 1edo, we prioritize your privacy. Learn more about our product privacy policy and how we protect Your personal information. Please visit us now to read our policy.","robots":{"index":"index","follow":"follow","max-snippet":"max-snippet:-1","max-image-preview":"max-image-preview:large","max-video-preview":"max-video-preview:-1"},"canonical":"https:\/\/blogs41.1edo.com\/at\/privacy-policy\/","og_locale":"de_DE","og_type":"article","og_title":"Privacy Policy","og_description":"1edo blogs Privacy Policy, At 1edo, we prioritize your privacy. Learn more about our product privacy policy and how we protect Your personal information. Please visit us now to read our policy.","og_url":"https:\/\/blogs41.1edo.com\/at\/privacy-policy\/","og_site_name":"1edo blogs","article_modified_time":"2024-05-30T01:52:23+00:00","twitter_card":"summary_large_image","twitter_misc":{"Gesch\u00e4tzte Lesezeit":"8 Minuten"},"schema":{"@context":"https:\/\/schema.org","@graph":[{"@type":"WebPage","@id":"https:\/\/blogs41.1edo.com\/privacy-policy\/","url":"https:\/\/blogs41.1edo.com\/privacy-policy\/","name":"Datenschutzrichtlinie - 1edo Blogs","isPartOf":{"@id":"https:\/\/blogs41.1edo.com\/#website"},"datePublished":"2023-08-01T23:58:36+00:00","dateModified":"2024-05-30T01:52:23+00:00","description":"1edo blogs Privacy Policy, At 1edo, we prioritize your privacy. Learn more about our product privacy policy and how we protect Your personal information. Please visit us now to read our policy.","breadcrumb":{"@id":"https:\/\/blogs41.1edo.com\/privacy-policy\/#breadcrumb"},"inLanguage":"de-AT","potentialAction":[{"@type":"ReadAction","target":["https:\/\/blogs41.1edo.com\/privacy-policy\/"]}]},{"@type":"BreadcrumbList","@id":"https:\/\/blogs41.1edo.com\/privacy-policy\/#breadcrumb","itemListElement":[{"@type":"ListItem","position":1,"name":"Home","item":"https:\/\/blogs41.1edo.com\/"},{"@type":"ListItem","position":2,"name":"Privacy Policy"}]},{"@type":"WebSite","@id":"https:\/\/blogs41.1edo.com\/#website","url":"https:\/\/blogs41.1edo.com\/","name":"1edo Blogs","description":"1edo Blogs","potentialAction":[{"@type":"SearchAction","target":{"@type":"EntryPoint","urlTemplate":"https:\/\/blogs41.1edo.com\/?s={search_term_string}"},"query-input":{"@type":"PropertyValueSpecification","valueRequired":true,"valueName":"search_term_string"}}],"inLanguage":"de-AT"}]}},"_links":{"self":[{"href":"https:\/\/blogs41.1edo.com\/at\/wp-json\/wp\/v2\/pages\/3","targetHints":{"allow":["GET"]}}],"collection":[{"href":"https:\/\/blogs41.1edo.com\/at\/wp-json\/wp\/v2\/pages"}],"about":[{"href":"https:\/\/blogs41.1edo.com\/at\/wp-json\/wp\/v2\/types\/page"}],"author":[{"embeddable":true,"href":"https:\/\/blogs41.1edo.com\/at\/wp-json\/wp\/v2\/users\/1"}],"replies":[{"embeddable":true,"href":"https:\/\/blogs41.1edo.com\/at\/wp-json\/wp\/v2\/comments?post=3"}],"version-history":[{"count":3,"href":"https:\/\/blogs41.1edo.com\/at\/wp-json\/wp\/v2\/pages\/3\/revisions"}],"predecessor-version":[{"id":6835,"href":"https:\/\/blogs41.1edo.com\/at\/wp-json\/wp\/v2\/pages\/3\/revisions\/6835"}],"wp:attachment":[{"href":"https:\/\/blogs41.1edo.com\/at\/wp-json\/wp\/v2\/media?parent=3"}],"curies":[{"name":"wp","href":"https:\/\/api.w.org\/{rel}","templated":true}]}}