

{"id":3,"date":"2023-08-01T23:58:36","date_gmt":"2023-08-01T23:58:36","guid":{"rendered":"https:\/\/blogs.1edo.com\/?page_id=3"},"modified":"2024-05-30T01:52:23","modified_gmt":"2024-05-30T01:52:23","slug":"privacy-policy","status":"publish","type":"page","link":"https:\/\/blogs41.1edo.com\/hu\/privacy-policy\/","title":{"rendered":"Adatv\u00e9delmi ir\u00e1nyelvek"},"content":{"rendered":"<style type=\"text\/css\" data-created_by=\"avia_inline_auto\" id=\"style-css-av-av_section-52d6baff8bfb617c867925a6fbc1b98b\">\n.avia-section.av-av_section-52d6baff8bfb617c867925a6fbc1b98b{\nbackground-color:#fafafa;\nbackground-image:unset;\nmargin-top:0px;\nmargin-bottom:0px;\n}\n<\/style>\n<div id='av_section_1'  class='avia-section av-av_section-52d6baff8bfb617c867925a6fbc1b98b main_color avia-section-small avia-no-border-styling  avia-builder-el-0  el_before_av_section  avia-builder-el-first  avia-bg-style-scroll container_wrap sidebar_right'  ><div class='container av-section-cont-open' ><main  role=\"main\" itemprop=\"mainContentOfPage\"  class='template-page content  av-content-small alpha units'><div class='post-entry post-entry-type-page post-entry-3'><div class='entry-content-wrapper clearfix'>\n\n<style type=\"text\/css\" data-created_by=\"avia_inline_auto\" id=\"style-css-av-av_one_full-5c2940aec08386bc66704c18cd7c0942\">\n#top .flex_column.av-av_one_full-5c2940aec08386bc66704c18cd7c0942{\nmargin-top:0px;\nmargin-bottom:0px;\n}\n.flex_column.av-av_one_full-5c2940aec08386bc66704c18cd7c0942{\npadding:0% 0% 0% 0%;\n}\n.responsive #top #wrap_all .flex_column.av-av_one_full-5c2940aec08386bc66704c18cd7c0942{\nmargin-top:0px;\nmargin-bottom:0px;\n}\n<\/style>\n<div class='flex_column av-av_one_full-5c2940aec08386bc66704c18cd7c0942 av_one_full  avia-builder-el-1  avia-builder-el-no-sibling  first flex_column_div av-animated-generic left-to-right av-zero-column-padding'     ><style type=\"text\/css\" data-created_by=\"avia_inline_auto\" id=\"style-css-av-av_heading-7f303b903b2a7fa0eff1b81b8e8e9f4a\">\n#top .av-special-heading.av-av_heading-7f303b903b2a7fa0eff1b81b8e8e9f4a{\nmargin:0% 0% 0% 0%;\npadding-bottom:0;\ncolor:#5d5f5f;\nfont-size:24px;\n}\nbody .av-special-heading.av-av_heading-7f303b903b2a7fa0eff1b81b8e8e9f4a .av-special-heading-tag .heading-char{\nfont-size:25px;\n}\n#top #wrap_all .av-special-heading.av-av_heading-7f303b903b2a7fa0eff1b81b8e8e9f4a .av-special-heading-tag{\nfont-size:24px;\npadding:0% 0% 0% 0%;\n}\n.av-special-heading.av-av_heading-7f303b903b2a7fa0eff1b81b8e8e9f4a .special-heading-inner-border{\nborder-color:#5d5f5f;\n}\n.av-special-heading.av-av_heading-7f303b903b2a7fa0eff1b81b8e8e9f4a .av-subheading{\nfont-size:15px;\n}\n\n@media only screen and (max-width: 479px){ \n#top #wrap_all .av-special-heading.av-av_heading-7f303b903b2a7fa0eff1b81b8e8e9f4a .av-special-heading-tag{\nfont-size:20px;\n}\n}\n\n@media only screen and (min-width: 480px) and (max-width: 767px){ \n#top #wrap_all .av-special-heading.av-av_heading-7f303b903b2a7fa0eff1b81b8e8e9f4a .av-special-heading-tag{\nfont-size:0.8em;\n}\n}\n<\/style>\n<div  class='av-special-heading av-av_heading-7f303b903b2a7fa0eff1b81b8e8e9f4a av-special-heading-h1 custom-color-heading blockquote modern-quote  avia-builder-el-2  avia-builder-el-no-sibling  av-inherit-size'><h1 class='av-special-heading-tag'  itemprop=\"headline\"  >ADATV\u00c9DELMI IR\u00c1NYELVEK<\/h1><div class=\"special-heading-border\"><div class=\"special-heading-inner-border\"><\/div><\/div><\/div><\/div>\n\n<\/div><\/div><\/main><!-- close content main element --><\/div><\/div>\n<style type=\"text\/css\" data-created_by=\"avia_inline_auto\" id=\"style-css-av-av_section-e80c29b93aac01dba0f3b6b54b77d0cf\">\n.avia-section.av-av_section-e80c29b93aac01dba0f3b6b54b77d0cf{\nmargin-top:2%;\nmargin-bottom:2%;\n}\n<\/style>\n<div id='av_section_2'  class='avia-section av-av_section-e80c29b93aac01dba0f3b6b54b77d0cf main_color avia-section-default avia-no-border-styling  avia-builder-el-3  el_after_av_section  avia-builder-el-last  avia-bg-style-scroll container_wrap sidebar_right'  ><div class='container av-section-cont-open' ><div class='template-page content  av-content-small alpha units'><div class='post-entry post-entry-type-page post-entry-3'><div class='entry-content-wrapper clearfix'>\n\n<style type=\"text\/css\" data-created_by=\"avia_inline_auto\" id=\"style-css-av-av_one_full-1ba6b84490bca59551541b57ca4133f4\">\n#top .flex_column.av-av_one_full-1ba6b84490bca59551541b57ca4133f4{\nmargin-top:0%;\nmargin-bottom:0%;\n}\n.flex_column.av-av_one_full-1ba6b84490bca59551541b57ca4133f4{\npadding:0% 0% 0% 0%;\n}\n.responsive #top #wrap_all .flex_column.av-av_one_full-1ba6b84490bca59551541b57ca4133f4{\nmargin-top:0%;\nmargin-bottom:0%;\n}\n<\/style>\n<div class='flex_column av-av_one_full-1ba6b84490bca59551541b57ca4133f4 av_one_full  avia-builder-el-4  avia-builder-el-no-sibling  first flex_column_div av-animated-generic fade-in av-zero-column-padding'     ><p>\n<style type=\"text\/css\" data-created_by=\"avia_inline_auto\" id=\"style-css-av-av_heading-24fbc5292636c2a41432412266ef7bf8\">\n#top .av-special-heading.av-av_heading-24fbc5292636c2a41432412266ef7bf8{\nmargin:0% 0% 0% 0%;\npadding-bottom:0;\nfont-size:48px;\n}\nbody .av-special-heading.av-av_heading-24fbc5292636c2a41432412266ef7bf8 .av-special-heading-tag .heading-char{\nfont-size:25px;\n}\n#top #wrap_all .av-special-heading.av-av_heading-24fbc5292636c2a41432412266ef7bf8 .av-special-heading-tag{\nfont-size:48px;\npadding:0% 0% 1% 0%;\n}\n.av-special-heading.av-av_heading-24fbc5292636c2a41432412266ef7bf8 .av-subheading{\nfont-size:15px;\n}\n\n@media only screen and (max-width: 479px){ \n#top #wrap_all .av-special-heading.av-av_heading-24fbc5292636c2a41432412266ef7bf8 .av-special-heading-tag{\nfont-size:28px;\n}\n}\n\n@media only screen and (min-width: 480px) and (max-width: 767px){ \n#top #wrap_all .av-special-heading.av-av_heading-24fbc5292636c2a41432412266ef7bf8 .av-special-heading-tag{\nfont-size:0.8em;\n}\n}\n<\/style>\n<div  class='av-special-heading av-av_heading-24fbc5292636c2a41432412266ef7bf8 av-special-heading-h1 blockquote modern-quote  avia-builder-el-5  el_before_av_textblock  avia-builder-el-first  av-inherit-size'><h1 class='av-special-heading-tag'  itemprop=\"headline\"  >1edo WEBOLDAL ADATV\u00c9DELMI NYILATKOZAT<\/h1><div class=\"special-heading-border\"><div class=\"special-heading-inner-border\"><\/div><\/div><\/div><br \/>\n\n<style type=\"text\/css\" data-created_by=\"avia_inline_auto\" id=\"style-css-av-av_textblock-c45a5ea5b29b5b872b961519468d19fe\">\n#top .av_textblock_section.av-av_textblock-c45a5ea5b29b5b872b961519468d19fe .avia_textblock{\nfont-size:16px;\ntext-align:left;\n}\n\n@media only screen and (max-width: 479px){ \n#top .av_textblock_section.av-av_textblock-c45a5ea5b29b5b872b961519468d19fe .avia_textblock{\nfont-size:16px;\n}\n}\n<\/style>\n<section  class='av_textblock_section av-av_textblock-c45a5ea5b29b5b872b961519468d19fe'  itemscope=\"itemscope\" itemtype=\"https:\/\/schema.org\/CreativeWork\" ><div class='avia_textblock nocti_polly_vbnmdfgv'  itemprop=\"text\" ><p>Utols\u00f3 friss\u00edt\u00e9s: 2023. j\u00falius<br \/>\nEz az adatv\u00e9delmi nyilatkozat elmagyar\u00e1zza, hogy az 1edo hogyan gy\u0171jti \u00e9s haszn\u00e1lja fel a szem\u00e9lyes adatokat a web- \u00e9s mobilwebhelyei l\u00e1togat\u00f3it\u00f3l, amelyek k\u00f6zvetlen\u00fcl hivatkoznak erre a k\u00f6zlem\u00e9nyre (egy\u00fcttesen \u201eWebhelyek\u201d). Szem\u00e9lyes adatait a<br \/>\n1edo Europe SA (egy\u00fcttesen \u201e1edo\u201d, \u201eMi\u201d \u00e9s \u201eMi\u201d).<\/p>\n<h1>AKT\u00cdVAN BENY\u00daJTOTT ADATOK<\/h1>\n<p>Ha felh\u00edv minket, e-mailt k\u00fcld, vagy kit\u00f6lt egy \u0171rlapot valamelyik Webhely\u00fcnk\u00f6n, akkor az \u00d6n \u00e1ltal megadott inform\u00e1ci\u00f3kat arra haszn\u00e1ljuk, hogy v\u00e1laszoljunk a k\u00e9r\u00e9s\u00e9re, vagy m\u00e1s m\u00f3don kommunik\u00e1ljunk \u00d6nnel, vagy seg\u00edts\u00fcnk \u00d6nnek. Ha Webhelyeinken kereszt\u00fcl v\u00e1s\u00e1rol, gy\u0171jthet\u00fcnk olyan adatokat, amelyek sz\u00fcks\u00e9gesek a rendel\u00e9s feldolgoz\u00e1s\u00e1hoz, mint p\u00e9ld\u00e1ul a sz\u00e1ll\u00edt\u00e1si c\u00edm, a megrendelt term\u00e9kek \u00e9s az \u00d6n el\u00e9rhet\u0151s\u00e9gei.<\/p>\n<h1>PASSZ\u00cdVAN SZ\u00c1LL\u00cdTOTT ADATOK<\/h1>\n<p>Amikor felkeresi Webhelyeinket, a r\u00e9szv\u00e9teli d\u00f6nt\u00e9seit\u0151l f\u00fcgg\u0151en bizonyos inform\u00e1ci\u00f3kat megosztanak vel\u00fcnk sz\u00e1m\u00edt\u00f3g\u00e9p\u00e9r\u0151l vagy mobileszk\u00f6z\u00e9r\u0151l, amelyek magukban foglalhatj\u00e1k a webhelyeinken v\u00e9gzett tev\u00e9kenys\u00e9geket, a haszn\u00e1lt hardver \u00e9s szoftver t\u00edpus\u00e1t (pl. mint oper\u00e1ci\u00f3s rendszere vagy b\u00f6ng\u00e9sz\u0151je), a cookie-kban t\u00e1rolt inform\u00e1ci\u00f3k, IP-c\u00edmek, hozz\u00e1f\u00e9r\u00e9si id\u0151k, weboldalak, ahonnan \u00e9rkezett, r\u00e9gi\u00f3k, ahonnan a weboldalon navig\u00e1l, \u00e9s mely weboldalakat \u00e9r el. Ezeket az inform\u00e1ci\u00f3kat arra haszn\u00e1ljuk, hogy jobban meg\u00e9rts\u00fck Webhelyeink felhaszn\u00e1l\u00f3inak \u00e9rdekeit, \u00e9s jav\u00edtsuk Webhelyeinket, szolg\u00e1ltat\u00e1sainkat \u00e9s term\u00e9keinket.<\/p>\n<p>Jelenleg nem reag\u00e1lunk a b\u00f6ng\u00e9sz\u0151kben megjelen\u0151 \u201eDo Not Track\u201d jelz\u00e9sekre, mivel igyeksz\u00fcnk szem\u00e9lyre szabott webhely\u00e9lm\u00e9nyt ny\u00fajtani.<\/p>\n<h1>S\u00dcTIK<\/h1>\n<p>Az 1edo cookie-kat haszn\u00e1l, amelyek l\u00e9nyeg\u00e9ben kis adatf\u00e1jlok, amelyeket az \u00d6n sz\u00e1m\u00edt\u00f3g\u00e9p\u00e9n, t\u00e1blag\u00e9p\u00e9n, mobiltelefonj\u00e1n vagy m\u00e1s eszk\u00f6z\u00e9n helyeznek el. Kattintson ide, ha t\u00f6bbet szeretne megtudni a cookie-kr\u00f3l.<\/p>\n<h1>ADATHASZN\u00c1LAT \u00c9S MEGOSZT\u00c1S<\/h1>\n<p>Az \u00e1ltalunk gy\u0171jt\u00f6tt adatokat arra haszn\u00e1ljuk, hogy gazdag, interakt\u00edv \u00e9lm\u00e9nyeket ny\u00fajtsunk \u00d6nnek. Az adatokat k\u00fcl\u00f6n\u00f6sen a k\u00f6vetkez\u0151kre haszn\u00e1lhatjuk fel:<\/p>\n<ul>\n<li>a szolg\u00e1ltat\u00e1s ny\u00fajt\u00e1sa vagy a tranzakci\u00f3k lebonyol\u00edt\u00e1sa az \u00d6n k\u00e9r\u00e9s\u00e9re;<\/li>\n<li>term\u00e9keink jav\u00edt\u00e1sa \u00e9s fejleszt\u00e9se;<\/li>\n<li>szem\u00e9lyre szabhatja \u00e9lm\u00e9ny\u00e9t;<\/li>\n<li>feldolgozza a Webhelyeinken kereszt\u00fcl beny\u00fajtott \u00e1ll\u00e1sp\u00e1ly\u00e1zatokat;<\/li>\n<li>hirdethet \u00e9s \u00e9rt\u00e9kes\u00edthet \u00d6nnek a vonatkoz\u00f3 jogi k\u00f6vetelm\u00e9nyeknek megfelel\u0151en, amelyek magukban foglalhatj\u00e1k a prom\u00f3ci\u00f3s k\u00f6zlem\u00e9nyek k\u00fcld\u00e9s\u00e9t, a c\u00e9lz\u00e1st<\/li>\n<li>rekl\u00e1moz\u00e1sra, \u00e9s relev\u00e1ns aj\u00e1nlatok bemutat\u00e1s\u00e1ra.<\/li>\n<\/ul>\n<h1>GYERMEKEK<\/h1>\n<p>Tudatosan nem gy\u0171jt\u00fcnk \u00e9s nem t\u00e1rolunk inform\u00e1ci\u00f3kat 13 \u00e9ven aluli szem\u00e9lyekr\u0151l. Ha megtudjuk, hogy 13 \u00e9ven aluli szem\u00e9lyekr\u0151l inform\u00e1ci\u00f3kat gy\u0171jt\u00f6ttek az Oldalakon vagy azon kereszt\u00fcl, megtessz\u00fck a megfelel\u0151 l\u00e9p\u00e9seket az inform\u00e1ci\u00f3 t\u00f6rl\u00e9s\u00e9re. Ha \u00d6n egy 13 \u00e9v alatti gyermek sz\u00fcl\u0151je vagy t\u00f6rv\u00e9nyes gy\u00e1mja, aki fi\u00f3kot vagy szolg\u00e1ltat\u00e1st regisztr\u00e1lt Webhelyeinken, k\u00e9rj\u00fck, vegye fel vel\u00fcnk a kapcsolatot az al\u00e1bbi el\u00e9rhet\u0151s\u00e9geken a gyermek fi\u00f3kj\u00e1nak vagy szolg\u00e1ltat\u00e1s\u00e1nak megsz\u00fcntet\u00e9se \u00e9s a szem\u00e9lyes adatok t\u00f6rl\u00e9se \u00e9rdek\u00e9ben.<\/p>\n<h1>ADATMEG\u0150RZ\u00c9S<\/h1>\n<p>A szem\u00e9lyes adatokat mindaddig meg\u0151rizz\u00fck, ameddig az sz\u00fcks\u00e9ges a funkcionalit\u00e1s biztos\u00edt\u00e1s\u00e1hoz \u00e9s az \u00d6n \u00e1ltal k\u00e9rt tranzakci\u00f3k teljes\u00edt\u00e9s\u00e9hez, vagy m\u00e1s jogszer\u0171 c\u00e9lb\u00f3l, mint p\u00e9ld\u00e1ul a jogi k\u00f6telezetts\u00e9geink teljes\u00edt\u00e9se, a vit\u00e1k megold\u00e1sa \u00e9s a szerz\u0151d\u00e9seink \u00e9rv\u00e9nyes\u00edt\u00e9se. Mivel ezek az ig\u00e9nyek a k\u00fcl\u00f6nb\u00f6z\u0151 adatt\u00edpusokn\u00e1l, az \u00d6nnel folytatott interakci\u00f3ink kontextus\u00e1ban vagy a Webhelyeink \u00d6n \u00e1ltali haszn\u00e1lat\u00e1ban v\u00e1ltozhatnak, a t\u00e9nyleges meg\u0151rz\u00e9si id\u0151szakok jelent\u0151sen elt\u00e9rhetnek.<\/p>\n<h1>ADATBIZTONS\u00c1G<\/h1>\n<p>A szem\u00e9lyes adatokhoz val\u00f3 jogosulatlan hozz\u00e1f\u00e9r\u00e9s kock\u00e1zat\u00e1nak cs\u00f6kkent\u00e9se \u00e9rdek\u00e9ben TLS-tan\u00fas\u00edtv\u00e1nyokat, titkos\u00edt\u00e1st, adathozz\u00e1f\u00e9r\u00e9si korl\u00e1toz\u00e1sokat, v\u00edrusirt\u00f3 szoftvereket \u00e9s t\u0171zfalakat haszn\u00e1lunk. Az interneten vagy b\u00e1rmely vezet\u00e9k n\u00e9lk\u00fcli h\u00e1l\u00f3zaton kereszt\u00fcli adat\u00e1tvitel nem teljesen biztons\u00e1gos. \u00dcgyeljen a biztons\u00e1gi kock\u00e1zatokra, amikor szem\u00e9lyes adatokat tov\u00e1bb\u00edt nek\u00fcnk, \u00e9s amikor inform\u00e1ci\u00f3kat tesz k\u00f6zz\u00e9 nyilv\u00e1nos f\u00f3rumainkon.<br \/>\nHa b\u00e1rmely term\u00e9k\u00fcnkkel kapcsolatos biztons\u00e1gi probl\u00e9m\u00e1t szeretne jelenteni, k\u00e9rj\u00fck, t\u00f6ltse ki az \u0171rlapot \u00e9s a sz\u00fcks\u00e9ges mell\u00e9kleteket, \u00e9s k\u00fcldje el az 1edo Security c\u00edm\u00e9re.<\/p>\n<h1>AZ INFORM\u00c1CI\u00d3K ELLEN\u0150RZ\u00c9SE \u00c9S HOZZ\u00c1F\u00c9R\u00c9SE<\/h1>\n<p>K\u00e9rheti, hogy friss\u00edts\u00fcnk vagy t\u00f6r\u00f6lj\u00fcnk\/inaktiv\u00e1ljunk bizonyos \u00d6nre vonatkoz\u00f3 inform\u00e1ci\u00f3kat.<\/p>\n<p>Ha nem tudunk elt\u00e1vol\u00edtani n\u00e9h\u00e1ny szem\u00e9lyes adatot, \u00e9rtes\u00edteni fogjuk, hogy mi\u00e9rt. Ha feliratkozott marketing e-mailekre, a k\u00e9zbes\u00edt\u00e9st le\u00e1ll\u00edthatja a kapott e-mailben tal\u00e1lhat\u00f3 leiratkoz\u00e1si utas\u00edt\u00e1sok k\u00f6vet\u00e9s\u00e9vel, vagy a weboldalunkon tal\u00e1lhat\u00f3 el\u0151fizet\u00e9s-kezel\u0151 oldalon: https:\/\/blogs.1edo.com\/subscribe.<\/p>\n<p>\u00d6nnek jog\u00e1ban \u00e1ll k\u00e9rni tov\u00e1bb\u00e1, hogy adatait hogyan kezelj\u00fck, \u00e9s kivel osztjuk meg.<\/p>\n<p>Ezen t\u00falmen\u0151en, ha \u00fagy gondolja, hogy az 1edo \u00e1ltal \u00d6nr\u0151l feldolgozott bizonyos inform\u00e1ci\u00f3k pontatlanok, \u00d6nnek joga van ezeknek az adatoknak a jav\u00edt\u00e1s\u00e1ra.<\/p>\n<p>Igyeksz\u00fcnk v\u00e1laszolni arra a k\u00e9r\u00e9s\u00e9re, hogy megvizsg\u00e1ljuk a nyilv\u00e1ntart\u00e1sunkban l\u00e9v\u0151 inform\u00e1ci\u00f3kat, a k\u00e9relem be\u00e9rkez\u00e9s\u00e9t\u0151l sz\u00e1m\u00edtott 30 napon bel\u00fcl.<\/p>\n<p>Ha k\u00e9rd\u00e9se, megjegyz\u00e9se van, vagy k\u00e9r\u00e9st szeretne beny\u00fajtani adataival vagy Nyilatkozatunkkal, kor\u00e1bbi nyilatkozatainkkal \u00e9s adatkezel\u00e9si gyakorlatunkkal kapcsolatban, k\u00e9rj\u00fck, vegye fel vel\u00fcnk a kapcsolatot a support.1edo.com\/response-center c\u00edmen vagy az al\u00e1bbi m\u00f3dokon:<\/p>\n<p>Telefon: +86-755-61811368<br \/>\nKapcsolatfelv\u00e9tel: support.1edo.com\/response-center<br \/>\nPosta: 5F, B20 \u00e9p\u00fclet, Hengfeng Industrial Park, xixiangtown, Bao&#039;an ker\u00fclet, Shenzhen, K\u00edna<\/p>\n<p>Ha nem el\u00e9gedett a v\u00e1laszunkkal, adatv\u00e9delmi panasz\u00e1t vagy vit\u00e1j\u00e1t az illet\u00e9kes \u00e1llami vagy nemzeti adatv\u00e9delmi hat\u00f3s\u00e1ghoz fordulhat az illet\u00e9kess\u00e9gi ter\u00fclet\u00e9n.<\/p>\n<h1>V\u00c1LTOZ\u00c1S EZRE a NYILATKOZATRA<\/h1>\n<p>Ezt a nyilatkozatot id\u0151nk\u00e9nt friss\u00edtj\u00fck. Ha l\u00e9nyeges v\u00e1ltoz\u00e1sok k\u00f6vetkeznek be a jelen Nyilatkozatban vagy abban, hogy hogyan haszn\u00e1ljuk fel az \u00d6n szem\u00e9lyes adatait, a v\u00e1ltoztat\u00e1sokat j\u00f3l l\u00e1that\u00f3 m\u00f3don k\u00f6zz\u00e9tessz\u00fck, miel\u0151tt v\u00e9grehajtan\u00e1nk azokat.<\/p>\n<p>Az \u00d6n hozz\u00e1j\u00e1rul\u00e1sa n\u00e9lk\u00fcl nem hajtunk v\u00e9gre olyan v\u00e1ltoztat\u00e1sokat, amelyek kev\u00e9sb\u00e9 v\u00e9dik a m\u00faltban gy\u0171jt\u00f6tt szem\u00e9lyes adatait.<\/p>\n<p>Javasoljuk, hogy rendszeresen tekintse \u00e1t ezt a nyilatkozatot, hogy t\u00e1j\u00e9koz\u00f3djon arr\u00f3l, hogyan v\u00e9dj\u00fck adatait.<\/p>\n<p>K\u00f6sz\u00f6nj\u00fck \u00e9rdekl\u0151d\u00e9s\u00e9t az 1edo, valamint term\u00e9keink \u00e9s szolg\u00e1ltat\u00e1saink ir\u00e1nt.<\/p>\n<\/div><\/section><\/p><\/div>\n<\/div><\/div><\/div><!-- close content main div --><\/div><\/div><div id='after_section_2'  class='main_color av_default_container_wrap container_wrap sidebar_right'  ><div class='container av-section-cont-open' ><div class='template-page content  av-content-small alpha units'><div class='post-entry post-entry-type-page post-entry-3'><div class='entry-content-wrapper clearfix'>","protected":false},"excerpt":{"rendered":"","protected":false},"author":1,"featured_media":0,"parent":0,"menu_order":0,"comment_status":"closed","ping_status":"open","template":"","meta":{"footnotes":""},"class_list":["post-3","page","type-page","status-publish","hentry"],"yoast_head":"<!-- This site is optimized with the Yoast SEO Premium plugin v26.5 (Yoast SEO v26.7) - https:\/\/yoast.com\/wordpress\/plugins\/seo\/ -->\n<title>Privacy Policy - 1edo blogs<\/title>\n<meta name=\"description\" content=\"1edo blogs Privacy Policy, At 1edo, we prioritize your privacy. Learn more about our product privacy policy and how we protect Your personal information. Please visit us now to read our policy.\" \/>\n<meta name=\"robots\" content=\"index, follow, max-snippet:-1, max-image-preview:large, max-video-preview:-1\" \/>\n<link rel=\"canonical\" href=\"https:\/\/blogs41.1edo.com\/hu\/privacy-policy\/\" \/>\n<meta property=\"og:locale\" content=\"hu_HU\" \/>\n<meta property=\"og:type\" content=\"article\" \/>\n<meta property=\"og:title\" content=\"Privacy Policy\" \/>\n<meta property=\"og:description\" content=\"1edo blogs Privacy Policy, At 1edo, we prioritize your privacy. Learn more about our product privacy policy and how we protect Your personal information. Please visit us now to read our policy.\" \/>\n<meta property=\"og:url\" content=\"https:\/\/blogs41.1edo.com\/hu\/privacy-policy\/\" \/>\n<meta property=\"og:site_name\" content=\"1edo blogs\" \/>\n<meta property=\"article:modified_time\" content=\"2024-05-30T01:52:23+00:00\" \/>\n<meta name=\"twitter:card\" content=\"summary_large_image\" \/>\n<meta name=\"twitter:label1\" content=\"Becs\u00fclt olvas\u00e1si id\u0151\" \/>\n\t<meta name=\"twitter:data1\" content=\"8 perc\" \/>\n<script type=\"application\/ld+json\" class=\"yoast-schema-graph\">{\"@context\":\"https:\/\/schema.org\",\"@graph\":[{\"@type\":\"WebPage\",\"@id\":\"https:\/\/blogs41.1edo.com\/privacy-policy\/\",\"url\":\"https:\/\/blogs41.1edo.com\/privacy-policy\/\",\"name\":\"Privacy Policy - 1edo blogs\",\"isPartOf\":{\"@id\":\"https:\/\/blogs41.1edo.com\/#website\"},\"datePublished\":\"2023-08-01T23:58:36+00:00\",\"dateModified\":\"2024-05-30T01:52:23+00:00\",\"description\":\"1edo blogs Privacy Policy, At 1edo, we prioritize your privacy. Learn more about our product privacy policy and how we protect Your personal information. Please visit us now to read our policy.\",\"breadcrumb\":{\"@id\":\"https:\/\/blogs41.1edo.com\/privacy-policy\/#breadcrumb\"},\"inLanguage\":\"hu\",\"potentialAction\":[{\"@type\":\"ReadAction\",\"target\":[\"https:\/\/blogs41.1edo.com\/privacy-policy\/\"]}]},{\"@type\":\"BreadcrumbList\",\"@id\":\"https:\/\/blogs41.1edo.com\/privacy-policy\/#breadcrumb\",\"itemListElement\":[{\"@type\":\"ListItem\",\"position\":1,\"name\":\"Home\",\"item\":\"https:\/\/blogs41.1edo.com\/\"},{\"@type\":\"ListItem\",\"position\":2,\"name\":\"Privacy Policy\"}]},{\"@type\":\"WebSite\",\"@id\":\"https:\/\/blogs41.1edo.com\/#website\",\"url\":\"https:\/\/blogs41.1edo.com\/\",\"name\":\"1edo blogs\",\"description\":\"1edo blogs\",\"potentialAction\":[{\"@type\":\"SearchAction\",\"target\":{\"@type\":\"EntryPoint\",\"urlTemplate\":\"https:\/\/blogs41.1edo.com\/?s={search_term_string}\"},\"query-input\":{\"@type\":\"PropertyValueSpecification\",\"valueRequired\":true,\"valueName\":\"search_term_string\"}}],\"inLanguage\":\"hu\"}]}<\/script>\n<!-- \/ Yoast SEO Premium plugin. -->","yoast_head_json":{"title":"Adatv\u00e9delmi szab\u00e1lyzat - 1edo blogok","description":"1edo blogs Privacy Policy, At 1edo, we prioritize your privacy. Learn more about our product privacy policy and how we protect Your personal information. Please visit us now to read our policy.","robots":{"index":"index","follow":"follow","max-snippet":"max-snippet:-1","max-image-preview":"max-image-preview:large","max-video-preview":"max-video-preview:-1"},"canonical":"https:\/\/blogs41.1edo.com\/hu\/privacy-policy\/","og_locale":"hu_HU","og_type":"article","og_title":"Privacy Policy","og_description":"1edo blogs Privacy Policy, At 1edo, we prioritize your privacy. Learn more about our product privacy policy and how we protect Your personal information. Please visit us now to read our policy.","og_url":"https:\/\/blogs41.1edo.com\/hu\/privacy-policy\/","og_site_name":"1edo blogs","article_modified_time":"2024-05-30T01:52:23+00:00","twitter_card":"summary_large_image","twitter_misc":{"Becs\u00fclt olvas\u00e1si id\u0151":"8 perc"},"schema":{"@context":"https:\/\/schema.org","@graph":[{"@type":"WebPage","@id":"https:\/\/blogs41.1edo.com\/privacy-policy\/","url":"https:\/\/blogs41.1edo.com\/privacy-policy\/","name":"Adatv\u00e9delmi szab\u00e1lyzat - 1edo blogok","isPartOf":{"@id":"https:\/\/blogs41.1edo.com\/#website"},"datePublished":"2023-08-01T23:58:36+00:00","dateModified":"2024-05-30T01:52:23+00:00","description":"1edo blogs Privacy Policy, At 1edo, we prioritize your privacy. Learn more about our product privacy policy and how we protect Your personal information. Please visit us now to read our policy.","breadcrumb":{"@id":"https:\/\/blogs41.1edo.com\/privacy-policy\/#breadcrumb"},"inLanguage":"hu","potentialAction":[{"@type":"ReadAction","target":["https:\/\/blogs41.1edo.com\/privacy-policy\/"]}]},{"@type":"BreadcrumbList","@id":"https:\/\/blogs41.1edo.com\/privacy-policy\/#breadcrumb","itemListElement":[{"@type":"ListItem","position":1,"name":"Home","item":"https:\/\/blogs41.1edo.com\/"},{"@type":"ListItem","position":2,"name":"Privacy Policy"}]},{"@type":"WebSite","@id":"https:\/\/blogs41.1edo.com\/#website","url":"https:\/\/blogs41.1edo.com\/","name":"1edo blogok","description":"1edo blogok","potentialAction":[{"@type":"SearchAction","target":{"@type":"EntryPoint","urlTemplate":"https:\/\/blogs41.1edo.com\/?s={search_term_string}"},"query-input":{"@type":"PropertyValueSpecification","valueRequired":true,"valueName":"search_term_string"}}],"inLanguage":"hu"}]}},"_links":{"self":[{"href":"https:\/\/blogs41.1edo.com\/hu\/wp-json\/wp\/v2\/pages\/3","targetHints":{"allow":["GET"]}}],"collection":[{"href":"https:\/\/blogs41.1edo.com\/hu\/wp-json\/wp\/v2\/pages"}],"about":[{"href":"https:\/\/blogs41.1edo.com\/hu\/wp-json\/wp\/v2\/types\/page"}],"author":[{"embeddable":true,"href":"https:\/\/blogs41.1edo.com\/hu\/wp-json\/wp\/v2\/users\/1"}],"replies":[{"embeddable":true,"href":"https:\/\/blogs41.1edo.com\/hu\/wp-json\/wp\/v2\/comments?post=3"}],"version-history":[{"count":3,"href":"https:\/\/blogs41.1edo.com\/hu\/wp-json\/wp\/v2\/pages\/3\/revisions"}],"predecessor-version":[{"id":6835,"href":"https:\/\/blogs41.1edo.com\/hu\/wp-json\/wp\/v2\/pages\/3\/revisions\/6835"}],"wp:attachment":[{"href":"https:\/\/blogs41.1edo.com\/hu\/wp-json\/wp\/v2\/media?parent=3"}],"curies":[{"name":"wp","href":"https:\/\/api.w.org\/{rel}","templated":true}]}}