

{"id":3,"date":"2023-08-01T23:58:36","date_gmt":"2023-08-01T23:58:36","guid":{"rendered":"https:\/\/blogs.1edo.com\/?page_id=3"},"modified":"2024-05-30T01:52:23","modified_gmt":"2024-05-30T01:52:23","slug":"privacy-policy","status":"publish","type":"page","link":"https:\/\/blogs41.1edo.com\/pl\/privacy-policy\/","title":{"rendered":"Polityka prywatno\u015bci"},"content":{"rendered":"<style type=\"text\/css\" data-created_by=\"avia_inline_auto\" id=\"style-css-av-av_section-52d6baff8bfb617c867925a6fbc1b98b\">\n.avia-section.av-av_section-52d6baff8bfb617c867925a6fbc1b98b{\nbackground-color:#fafafa;\nbackground-image:unset;\nmargin-top:0px;\nmargin-bottom:0px;\n}\n<\/style>\n<div id='av_section_1'  class='avia-section av-av_section-52d6baff8bfb617c867925a6fbc1b98b main_color avia-section-small avia-no-border-styling  avia-builder-el-0  el_before_av_section  avia-builder-el-first  avia-bg-style-scroll container_wrap sidebar_right'  ><div class='container av-section-cont-open' ><main  role=\"main\" itemprop=\"mainContentOfPage\"  class='template-page content  av-content-small alpha units'><div class='post-entry post-entry-type-page post-entry-3'><div class='entry-content-wrapper clearfix'>\n\n<style type=\"text\/css\" data-created_by=\"avia_inline_auto\" id=\"style-css-av-av_one_full-5c2940aec08386bc66704c18cd7c0942\">\n#top .flex_column.av-av_one_full-5c2940aec08386bc66704c18cd7c0942{\nmargin-top:0px;\nmargin-bottom:0px;\n}\n.flex_column.av-av_one_full-5c2940aec08386bc66704c18cd7c0942{\npadding:0% 0% 0% 0%;\n}\n.responsive #top #wrap_all .flex_column.av-av_one_full-5c2940aec08386bc66704c18cd7c0942{\nmargin-top:0px;\nmargin-bottom:0px;\n}\n<\/style>\n<div class='flex_column av-av_one_full-5c2940aec08386bc66704c18cd7c0942 av_one_full  avia-builder-el-1  avia-builder-el-no-sibling  first flex_column_div av-animated-generic left-to-right av-zero-column-padding'     ><style type=\"text\/css\" data-created_by=\"avia_inline_auto\" id=\"style-css-av-av_heading-7f303b903b2a7fa0eff1b81b8e8e9f4a\">\n#top .av-special-heading.av-av_heading-7f303b903b2a7fa0eff1b81b8e8e9f4a{\nmargin:0% 0% 0% 0%;\npadding-bottom:0;\ncolor:#5d5f5f;\nfont-size:24px;\n}\nbody .av-special-heading.av-av_heading-7f303b903b2a7fa0eff1b81b8e8e9f4a .av-special-heading-tag .heading-char{\nfont-size:25px;\n}\n#top #wrap_all .av-special-heading.av-av_heading-7f303b903b2a7fa0eff1b81b8e8e9f4a .av-special-heading-tag{\nfont-size:24px;\npadding:0% 0% 0% 0%;\n}\n.av-special-heading.av-av_heading-7f303b903b2a7fa0eff1b81b8e8e9f4a .special-heading-inner-border{\nborder-color:#5d5f5f;\n}\n.av-special-heading.av-av_heading-7f303b903b2a7fa0eff1b81b8e8e9f4a .av-subheading{\nfont-size:15px;\n}\n\n@media only screen and (max-width: 479px){ \n#top #wrap_all .av-special-heading.av-av_heading-7f303b903b2a7fa0eff1b81b8e8e9f4a .av-special-heading-tag{\nfont-size:20px;\n}\n}\n\n@media only screen and (min-width: 480px) and (max-width: 767px){ \n#top #wrap_all .av-special-heading.av-av_heading-7f303b903b2a7fa0eff1b81b8e8e9f4a .av-special-heading-tag{\nfont-size:0.8em;\n}\n}\n<\/style>\n<div  class='av-special-heading av-av_heading-7f303b903b2a7fa0eff1b81b8e8e9f4a av-special-heading-h1 custom-color-heading blockquote modern-quote  avia-builder-el-2  avia-builder-el-no-sibling  av-inherit-size'><h1 class='av-special-heading-tag'  itemprop=\"headline\"  >POLITYKA PRYWATNO\u015aCI<\/h1><div class=\"special-heading-border\"><div class=\"special-heading-inner-border\"><\/div><\/div><\/div><\/div>\n\n<\/div><\/div><\/main><!-- close content main element --><\/div><\/div>\n<style type=\"text\/css\" data-created_by=\"avia_inline_auto\" id=\"style-css-av-av_section-e80c29b93aac01dba0f3b6b54b77d0cf\">\n.avia-section.av-av_section-e80c29b93aac01dba0f3b6b54b77d0cf{\nmargin-top:2%;\nmargin-bottom:2%;\n}\n<\/style>\n<div id='av_section_2'  class='avia-section av-av_section-e80c29b93aac01dba0f3b6b54b77d0cf main_color avia-section-default avia-no-border-styling  avia-builder-el-3  el_after_av_section  avia-builder-el-last  avia-bg-style-scroll container_wrap sidebar_right'  ><div class='container av-section-cont-open' ><div class='template-page content  av-content-small alpha units'><div class='post-entry post-entry-type-page post-entry-3'><div class='entry-content-wrapper clearfix'>\n\n<style type=\"text\/css\" data-created_by=\"avia_inline_auto\" id=\"style-css-av-av_one_full-1ba6b84490bca59551541b57ca4133f4\">\n#top .flex_column.av-av_one_full-1ba6b84490bca59551541b57ca4133f4{\nmargin-top:0%;\nmargin-bottom:0%;\n}\n.flex_column.av-av_one_full-1ba6b84490bca59551541b57ca4133f4{\npadding:0% 0% 0% 0%;\n}\n.responsive #top #wrap_all .flex_column.av-av_one_full-1ba6b84490bca59551541b57ca4133f4{\nmargin-top:0%;\nmargin-bottom:0%;\n}\n<\/style>\n<div class='flex_column av-av_one_full-1ba6b84490bca59551541b57ca4133f4 av_one_full  avia-builder-el-4  avia-builder-el-no-sibling  first flex_column_div av-animated-generic fade-in av-zero-column-padding'     ><p>\n<style type=\"text\/css\" data-created_by=\"avia_inline_auto\" id=\"style-css-av-av_heading-24fbc5292636c2a41432412266ef7bf8\">\n#top .av-special-heading.av-av_heading-24fbc5292636c2a41432412266ef7bf8{\nmargin:0% 0% 0% 0%;\npadding-bottom:0;\nfont-size:48px;\n}\nbody .av-special-heading.av-av_heading-24fbc5292636c2a41432412266ef7bf8 .av-special-heading-tag .heading-char{\nfont-size:25px;\n}\n#top #wrap_all .av-special-heading.av-av_heading-24fbc5292636c2a41432412266ef7bf8 .av-special-heading-tag{\nfont-size:48px;\npadding:0% 0% 1% 0%;\n}\n.av-special-heading.av-av_heading-24fbc5292636c2a41432412266ef7bf8 .av-subheading{\nfont-size:15px;\n}\n\n@media only screen and (max-width: 479px){ \n#top #wrap_all .av-special-heading.av-av_heading-24fbc5292636c2a41432412266ef7bf8 .av-special-heading-tag{\nfont-size:28px;\n}\n}\n\n@media only screen and (min-width: 480px) and (max-width: 767px){ \n#top #wrap_all .av-special-heading.av-av_heading-24fbc5292636c2a41432412266ef7bf8 .av-special-heading-tag{\nfont-size:0.8em;\n}\n}\n<\/style>\n<div  class='av-special-heading av-av_heading-24fbc5292636c2a41432412266ef7bf8 av-special-heading-h1 blockquote modern-quote  avia-builder-el-5  el_before_av_textblock  avia-builder-el-first  av-inherit-size'><h1 class='av-special-heading-tag'  itemprop=\"headline\"  >O\u015aWIADCZENIE O PRYWATNO\u015aCI STRONY INTERNETOWEJ 1edo<\/h1><div class=\"special-heading-border\"><div class=\"special-heading-inner-border\"><\/div><\/div><\/div><br \/>\n\n<style type=\"text\/css\" data-created_by=\"avia_inline_auto\" id=\"style-css-av-av_textblock-c45a5ea5b29b5b872b961519468d19fe\">\n#top .av_textblock_section.av-av_textblock-c45a5ea5b29b5b872b961519468d19fe .avia_textblock{\nfont-size:16px;\ntext-align:left;\n}\n\n@media only screen and (max-width: 479px){ \n#top .av_textblock_section.av-av_textblock-c45a5ea5b29b5b872b961519468d19fe .avia_textblock{\nfont-size:16px;\n}\n}\n<\/style>\n<section  class='av_textblock_section av-av_textblock-c45a5ea5b29b5b872b961519468d19fe'  itemscope=\"itemscope\" itemtype=\"https:\/\/schema.org\/CreativeWork\" ><div class='avia_textblock nocti_polly_vbnmdfgv'  itemprop=\"text\" ><p>Ostatnia aktualizacja: lipiec 2023 r<br \/>\nNiniejsza polityka prywatno\u015bci wyja\u015bnia, w jaki spos\u00f3b 1edo gromadzi i wykorzystuje dane osobowe os\u00f3b odwiedzaj\u0105cych jej witryny internetowe i mobilne, kt\u00f3re zawieraj\u0105 bezpo\u015brednie \u0142\u0105cza do tej informacji (zwane \u0142\u0105cznie \u201eWitrynami\u201d). Administratorem Twoich danych osobowych jest<br \/>\n1edo Europe SA (\u0142\u0105cznie \u201e1edo\u201d, \u201eMy\u201d i \u201eNas\u201d).<\/p>\n<h1>AKTYWNIE PRZEKAZYWANYCH DANE<\/h1>\n<p>Je\u015bli do nas zadzwonisz, wy\u015blesz nam e-mail lub wype\u0142nisz formularz na jednej z naszych Stron, wykorzystamy podane przez Ciebie informacje, aby odpowiedzie\u0107 na Twoj\u0105 pro\u015bb\u0119 lub w inny spos\u00f3b komunikowa\u0107 si\u0119 z Tob\u0105 lub Ci pom\u00f3c. Je\u015bli dokonujesz zakup\u00f3w za po\u015brednictwem naszych Witryn, mo\u017cemy gromadzi\u0107 dane niezb\u0119dne do przetworzenia Twojego zam\u00f3wienia, takie jak adres wysy\u0142ki, zam\u00f3wione produkty i dane kontaktowe.<\/p>\n<h1>DANE DOSTARCZANE PASYWNIE<\/h1>\n<p>Kiedy uzyskujesz dost\u0119p do naszych Witryn, w zale\u017cno\u015bci od Twojej zgody, udost\u0119pniane s\u0105 nam pewne informacje o Twoim komputerze lub urz\u0105dzeniu mobilnym, kt\u00f3re mog\u0105 obejmowa\u0107 dzia\u0142ania, kt\u00f3re wykonujesz w naszych Witrynach, rodzaj sprz\u0119tu i oprogramowania, z kt\u00f3rego korzystasz (np. jak Tw\u00f3j system operacyjny lub przegl\u0105darka), informacje zapisane w plikach cookies, adres IP, czasy dost\u0119pu, strony internetowe, z kt\u00f3rych przyszed\u0142e\u015b, regiony, z kt\u00f3rych poruszasz si\u0119 po stronie internetowej oraz strony internetowe, do kt\u00f3rych wchodzisz. U\u017cywamy tych informacji, aby lepiej zrozumie\u0107 zainteresowania u\u017cytkownik\u00f3w naszych Stron, aby ulepszy\u0107 nasze Strony, us\u0142ugi i produkty.<\/p>\n<p>Obecnie nie reagujemy na sygna\u0142y \u201eNie \u015bled\u017a\u201d w przegl\u0105darkach, poniewa\u017c staramy si\u0119 zapewni\u0107 spersonalizowan\u0105 obs\u0142ug\u0119 witryny.<\/p>\n<h1>CIASTECZKA<\/h1>\n<p>1edo wykorzystuje pliki cookie, kt\u00f3re w zasadzie s\u0105 ma\u0142ymi plikami danych umieszczanymi na Twoim komputerze, tablecie, telefonie kom\u00f3rkowym lub innych urz\u0105dzeniach. Kliknij tutaj, aby dowiedzie\u0107 si\u0119 wi\u0119cej o plikach cookie.<\/p>\n<h1>WYKORZYSTANIE I UDOST\u0118PNIANIE DANYCH<\/h1>\n<p>Wykorzystujemy zebrane dane, aby zapewni\u0107 Ci bogate, interaktywne do\u015bwiadczenia. W szczeg\u00f3lno\u015bci mo\u017cemy wykorzystywa\u0107 dane w celu:<\/p>\n<ul>\n<li>\u015bwiadczy\u0107 us\u0142ug\u0119 lub przeprowadza\u0107 transakcje na Twoje zlecenie;<\/li>\n<li>ulepsza\u0107 i rozwija\u0107 nasze produkty;<\/li>\n<li>personalizuj swoje do\u015bwiadczenie;<\/li>\n<li>przetwarza\u0107 podania o prac\u0119 przes\u0142ane za po\u015brednictwem naszych Witryn;<\/li>\n<li>reklamowa\u0107 i sprzedawa\u0107 u\u017cytkownikowi zgodnie z obowi\u0105zuj\u0105cymi wymogami prawnymi, co mo\u017ce obejmowa\u0107 wysy\u0142anie komunikat\u00f3w promocyjnych i targetowanie<\/li>\n<li>reklamy i przedstawiania Pa\u0144stwu odpowiednich ofert.<\/li>\n<\/ul>\n<h1>DZIECI<\/h1>\n<p>Nie zbieramy \u015bwiadomie ani nie przechowujemy informacji o osobach poni\u017cej 13 roku \u017cycia. Je\u015bli dowiemy si\u0119, \u017ce w Witrynach lub za ich po\u015brednictwem zebrano informacje o osobach poni\u017cej 13 roku \u017cycia, podejmiemy odpowiednie kroki w celu usuni\u0119cia tych informacji. Je\u015bli jeste\u015b rodzicem lub opiekunem prawnym dziecka w wieku poni\u017cej 13 lat, kt\u00f3re zarejestrowa\u0142o konto lub us\u0142ug\u0119 w naszych Witrynach, skontaktuj si\u0119 z nami, korzystaj\u0105c z poni\u017cszych danych kontaktowych, aby zamkn\u0105\u0107 konto lub us\u0142ug\u0119 tego dziecka i usun\u0105\u0107 dane osobowe.<\/p>\n<h1>PRZECHOWYWANIE DANYCH<\/h1>\n<p>Przechowujemy dane osobowe tak d\u0142ugo, jak jest to konieczne do zapewnienia funkcjonalno\u015bci i realizacji \u017c\u0105danych transakcji lub do innych uzasadnionych cel\u00f3w, takich jak przestrzeganie naszych zobowi\u0105za\u0144 prawnych, rozwi\u0105zywanie spor\u00f3w i egzekwowanie naszych um\u00f3w. Poniewa\u017c potrzeby te mog\u0105 si\u0119 r\u00f3\u017cni\u0107 w zale\u017cno\u015bci od r\u00f3\u017cnych typ\u00f3w danych, kontekstu naszych interakcji z Tob\u0105 lub korzystania przez Ciebie z naszych Witryn, rzeczywiste okresy przechowywania mog\u0105 si\u0119 znacznie r\u00f3\u017cni\u0107.<\/p>\n<h1>OCHRONA DANYCH<\/h1>\n<p>Stosujemy certyfikaty TLS, szyfrowanie, ograniczenia dost\u0119pu do danych, oprogramowanie antywirusowe i zapory ogniowe, aby zmniejszy\u0107 ryzyko nieuprawnionego dost\u0119pu do danych osobowych. \u017badna transmisja danych przez Internet ani jak\u0105kolwiek sie\u0107 bezprzewodow\u0105 nie jest ca\u0142kowicie bezpieczna. Przesy\u0142aj\u0105c nam dane osobowe i publikuj\u0105c informacje na naszych forach publicznych, nale\u017cy pami\u0119ta\u0107 o zagro\u017ceniach bezpiecze\u0144stwa.<br \/>\nJe\u015bli chcesz zg\u0142osi\u0107 jakiekolwiek problemy zwi\u0105zane z bezpiecze\u0144stwem kt\u00f3regokolwiek z naszych produkt\u00f3w, wype\u0142nij formularz wraz z wymaganymi za\u0142\u0105cznikami i wy\u015blij go do 1edo Security.<\/p>\n<h1>KONTROLA I DOST\u0118P DO TWOICH INFORMACJI<\/h1>\n<p>Mo\u017cesz za\u017c\u0105da\u0107, aby\u015bmy zaktualizowali lub usun\u0119li\/dezaktywowali pewne informacje dotycz\u0105ce Ciebie.<\/p>\n<p>Je\u015bli nie b\u0119dziemy mogli usun\u0105\u0107 niekt\u00f3rych danych osobowych, poinformujemy Ci\u0119 o przyczynie. Je\u015bli subskrybujesz marketingowe wiadomo\u015bci e-mail, mo\u017cesz przerwa\u0107 ich dostarczanie, post\u0119puj\u0105c zgodnie z instrukcjami rezygnacji zawartymi w otrzymanej wiadomo\u015bci e-mail lub na stronie zarz\u0105dzania subskrypcj\u0105 w naszej Witrynie: https:\/\/blogs.1edo.com\/subscribe.<\/p>\n<p>Masz r\u00f3wnie\u017c prawo do \u017c\u0105dania, w jaki spos\u00f3b przetwarzamy Twoje dane i komu je udost\u0119pniamy.<\/p>\n<p>Ponadto, je\u015bli uwa\u017casz, \u017ce niekt\u00f3re informacje na Tw\u00f3j temat przetwarzane przeze mnie s\u0105 niedok\u0142adne, masz prawo do poprawienia tych informacji.<\/p>\n<p>Postaramy si\u0119 odpowiedzie\u0107 na Twoj\u0105 pro\u015bb\u0119 o sprawdzenie przechowywanych przez nas informacji w ci\u0105gu 30 dni od otrzymania takiej pro\u015bby.<\/p>\n<p>Je\u015bli masz pytania, uwagi lub chcesz z\u0142o\u017cy\u0107 wniosek dotycz\u0105cy swoich danych lub naszego O\u015bwiadczenia, wcze\u015bniejszych O\u015bwiadcze\u0144 i praktyk dotycz\u0105cych danych, skontaktuj si\u0119 z nami pod adresem support.1edo.com\/response-center lub za pomoc\u0105 nast\u0119puj\u0105cych metod:<\/p>\n<p>Telefon: +86-755-61811368<br \/>\nKontakt: support.1edo.com\/response-center<br \/>\nPoczta: 5F, budynek B20, Hengfeng Industrial Park, xixiangtown, dzielnica Bao&#039;an, Shenzhen, Chiny<\/p>\n<p>Je\u015bli nie jeste\u015b usatysfakcjonowany nasz\u0105 odpowiedzi\u0105, mo\u017cesz skierowa\u0107 swoj\u0105 skarg\u0119 lub sp\u00f3r dotycz\u0105cy prywatno\u015bci do odpowiedniego stanu lub krajowego organu ochrony danych w Twojej jurysdykcji.<\/p>\n<h1>ZMIANA NINIEJSZEGO O\u015aWIADCZENIA<\/h1>\n<p>Od czasu do czasu b\u0119dziemy aktualizowa\u0107 to O\u015bwiadczenie. Je\u017celi nast\u0105pi\u0105 istotne zmiany w niniejszym O\u015bwiadczeniu lub w sposobie, w jaki b\u0119dziemy wykorzystywa\u0107 Twoje dane osobowe, przed ich wprowadzeniem opublikujemy w widocznym miejscu zmiany.<\/p>\n<p>Bez Twojej zgody nie wprowadzimy \u017cadnych zmian, kt\u00f3re w mniejszym stopniu chroni\u0105 Twoje dane osobowe zebrane w przesz\u0142o\u015bci.<\/p>\n<p>Zach\u0119camy Ci\u0119 do okresowego przegl\u0105dania niniejszego O\u015bwiadczenia w celu uzyskania informacji o tym, w jaki spos\u00f3b chronimy Twoje dane.<\/p>\n<p>Dzi\u0119kujemy za zainteresowanie 1edo oraz naszymi produktami i us\u0142ugami.<\/p>\n<\/div><\/section><\/p><\/div>\n<\/div><\/div><\/div><!-- close content main div --><\/div><\/div><div id='after_section_2'  class='main_color av_default_container_wrap container_wrap sidebar_right'  ><div class='container av-section-cont-open' ><div class='template-page content  av-content-small alpha units'><div class='post-entry post-entry-type-page post-entry-3'><div class='entry-content-wrapper clearfix'>","protected":false},"excerpt":{"rendered":"","protected":false},"author":1,"featured_media":0,"parent":0,"menu_order":0,"comment_status":"closed","ping_status":"open","template":"","meta":{"footnotes":""},"class_list":["post-3","page","type-page","status-publish","hentry"],"yoast_head":"<!-- This site is optimized with the Yoast SEO Premium plugin v26.5 (Yoast SEO v26.7) - https:\/\/yoast.com\/wordpress\/plugins\/seo\/ -->\n<title>Privacy Policy - 1edo blogs<\/title>\n<meta name=\"description\" content=\"1edo blogs Privacy Policy, At 1edo, we prioritize your privacy. Learn more about our product privacy policy and how we protect Your personal information. Please visit us now to read our policy.\" \/>\n<meta name=\"robots\" content=\"index, follow, max-snippet:-1, max-image-preview:large, max-video-preview:-1\" \/>\n<link rel=\"canonical\" href=\"https:\/\/blogs41.1edo.com\/pl\/privacy-policy\/\" \/>\n<meta property=\"og:locale\" content=\"pl_PL\" \/>\n<meta property=\"og:type\" content=\"article\" \/>\n<meta property=\"og:title\" content=\"Privacy Policy\" \/>\n<meta property=\"og:description\" content=\"1edo blogs Privacy Policy, At 1edo, we prioritize your privacy. Learn more about our product privacy policy and how we protect Your personal information. Please visit us now to read our policy.\" \/>\n<meta property=\"og:url\" content=\"https:\/\/blogs41.1edo.com\/pl\/privacy-policy\/\" \/>\n<meta property=\"og:site_name\" content=\"1edo blogs\" \/>\n<meta property=\"article:modified_time\" content=\"2024-05-30T01:52:23+00:00\" \/>\n<meta name=\"twitter:card\" content=\"summary_large_image\" \/>\n<meta name=\"twitter:label1\" content=\"Szacowany czas czytania\" \/>\n\t<meta name=\"twitter:data1\" content=\"8 minut\" \/>\n<script type=\"application\/ld+json\" class=\"yoast-schema-graph\">{\"@context\":\"https:\/\/schema.org\",\"@graph\":[{\"@type\":\"WebPage\",\"@id\":\"https:\/\/blogs41.1edo.com\/privacy-policy\/\",\"url\":\"https:\/\/blogs41.1edo.com\/privacy-policy\/\",\"name\":\"Privacy Policy - 1edo blogs\",\"isPartOf\":{\"@id\":\"https:\/\/blogs41.1edo.com\/#website\"},\"datePublished\":\"2023-08-01T23:58:36+00:00\",\"dateModified\":\"2024-05-30T01:52:23+00:00\",\"description\":\"1edo blogs Privacy Policy, At 1edo, we prioritize your privacy. Learn more about our product privacy policy and how we protect Your personal information. Please visit us now to read our policy.\",\"breadcrumb\":{\"@id\":\"https:\/\/blogs41.1edo.com\/privacy-policy\/#breadcrumb\"},\"inLanguage\":\"pl-PL\",\"potentialAction\":[{\"@type\":\"ReadAction\",\"target\":[\"https:\/\/blogs41.1edo.com\/privacy-policy\/\"]}]},{\"@type\":\"BreadcrumbList\",\"@id\":\"https:\/\/blogs41.1edo.com\/privacy-policy\/#breadcrumb\",\"itemListElement\":[{\"@type\":\"ListItem\",\"position\":1,\"name\":\"Home\",\"item\":\"https:\/\/blogs41.1edo.com\/\"},{\"@type\":\"ListItem\",\"position\":2,\"name\":\"Privacy Policy\"}]},{\"@type\":\"WebSite\",\"@id\":\"https:\/\/blogs41.1edo.com\/#website\",\"url\":\"https:\/\/blogs41.1edo.com\/\",\"name\":\"1edo blogs\",\"description\":\"1edo blogs\",\"potentialAction\":[{\"@type\":\"SearchAction\",\"target\":{\"@type\":\"EntryPoint\",\"urlTemplate\":\"https:\/\/blogs41.1edo.com\/?s={search_term_string}\"},\"query-input\":{\"@type\":\"PropertyValueSpecification\",\"valueRequired\":true,\"valueName\":\"search_term_string\"}}],\"inLanguage\":\"pl-PL\"}]}<\/script>\n<!-- \/ Yoast SEO Premium plugin. -->","yoast_head_json":{"title":"Polityka prywatno\u015bci - blogi 1edo","description":"1edo blogs Privacy Policy, At 1edo, we prioritize your privacy. Learn more about our product privacy policy and how we protect Your personal information. Please visit us now to read our policy.","robots":{"index":"index","follow":"follow","max-snippet":"max-snippet:-1","max-image-preview":"max-image-preview:large","max-video-preview":"max-video-preview:-1"},"canonical":"https:\/\/blogs41.1edo.com\/pl\/privacy-policy\/","og_locale":"pl_PL","og_type":"article","og_title":"Privacy Policy","og_description":"1edo blogs Privacy Policy, At 1edo, we prioritize your privacy. Learn more about our product privacy policy and how we protect Your personal information. Please visit us now to read our policy.","og_url":"https:\/\/blogs41.1edo.com\/pl\/privacy-policy\/","og_site_name":"1edo blogs","article_modified_time":"2024-05-30T01:52:23+00:00","twitter_card":"summary_large_image","twitter_misc":{"Szacowany czas czytania":"8 minut"},"schema":{"@context":"https:\/\/schema.org","@graph":[{"@type":"WebPage","@id":"https:\/\/blogs41.1edo.com\/privacy-policy\/","url":"https:\/\/blogs41.1edo.com\/privacy-policy\/","name":"Polityka prywatno\u015bci - blogi 1edo","isPartOf":{"@id":"https:\/\/blogs41.1edo.com\/#website"},"datePublished":"2023-08-01T23:58:36+00:00","dateModified":"2024-05-30T01:52:23+00:00","description":"1edo blogs Privacy Policy, At 1edo, we prioritize your privacy. Learn more about our product privacy policy and how we protect Your personal information. Please visit us now to read our policy.","breadcrumb":{"@id":"https:\/\/blogs41.1edo.com\/privacy-policy\/#breadcrumb"},"inLanguage":"pl-PL","potentialAction":[{"@type":"ReadAction","target":["https:\/\/blogs41.1edo.com\/privacy-policy\/"]}]},{"@type":"BreadcrumbList","@id":"https:\/\/blogs41.1edo.com\/privacy-policy\/#breadcrumb","itemListElement":[{"@type":"ListItem","position":1,"name":"Home","item":"https:\/\/blogs41.1edo.com\/"},{"@type":"ListItem","position":2,"name":"Privacy Policy"}]},{"@type":"WebSite","@id":"https:\/\/blogs41.1edo.com\/#website","url":"https:\/\/blogs41.1edo.com\/","name":"1edo blogi","description":"1edo blogi","potentialAction":[{"@type":"SearchAction","target":{"@type":"EntryPoint","urlTemplate":"https:\/\/blogs41.1edo.com\/?s={search_term_string}"},"query-input":{"@type":"PropertyValueSpecification","valueRequired":true,"valueName":"search_term_string"}}],"inLanguage":"pl-PL"}]}},"_links":{"self":[{"href":"https:\/\/blogs41.1edo.com\/pl\/wp-json\/wp\/v2\/pages\/3","targetHints":{"allow":["GET"]}}],"collection":[{"href":"https:\/\/blogs41.1edo.com\/pl\/wp-json\/wp\/v2\/pages"}],"about":[{"href":"https:\/\/blogs41.1edo.com\/pl\/wp-json\/wp\/v2\/types\/page"}],"author":[{"embeddable":true,"href":"https:\/\/blogs41.1edo.com\/pl\/wp-json\/wp\/v2\/users\/1"}],"replies":[{"embeddable":true,"href":"https:\/\/blogs41.1edo.com\/pl\/wp-json\/wp\/v2\/comments?post=3"}],"version-history":[{"count":3,"href":"https:\/\/blogs41.1edo.com\/pl\/wp-json\/wp\/v2\/pages\/3\/revisions"}],"predecessor-version":[{"id":6835,"href":"https:\/\/blogs41.1edo.com\/pl\/wp-json\/wp\/v2\/pages\/3\/revisions\/6835"}],"wp:attachment":[{"href":"https:\/\/blogs41.1edo.com\/pl\/wp-json\/wp\/v2\/media?parent=3"}],"curies":[{"name":"wp","href":"https:\/\/api.w.org\/{rel}","templated":true}]}}