

{"id":3,"date":"2023-08-01T23:58:36","date_gmt":"2023-08-01T23:58:36","guid":{"rendered":"https:\/\/blogs.1edo.com\/?page_id=3"},"modified":"2024-05-30T01:52:23","modified_gmt":"2024-05-30T01:52:23","slug":"privacy-policy","status":"publish","type":"page","link":"https:\/\/blogs41.1edo.com\/se\/privacy-policy\/","title":{"rendered":"Integritetspolicy"},"content":{"rendered":"<style type=\"text\/css\" data-created_by=\"avia_inline_auto\" id=\"style-css-av-av_section-52d6baff8bfb617c867925a6fbc1b98b\">\n.avia-section.av-av_section-52d6baff8bfb617c867925a6fbc1b98b{\nbackground-color:#fafafa;\nbackground-image:unset;\nmargin-top:0px;\nmargin-bottom:0px;\n}\n<\/style>\n<div id='av_section_1'  class='avia-section av-av_section-52d6baff8bfb617c867925a6fbc1b98b main_color avia-section-small avia-no-border-styling  avia-builder-el-0  el_before_av_section  avia-builder-el-first  avia-bg-style-scroll container_wrap sidebar_right'  ><div class='container av-section-cont-open' ><main  role=\"main\" itemprop=\"mainContentOfPage\"  class='template-page content  av-content-small alpha units'><div class='post-entry post-entry-type-page post-entry-3'><div class='entry-content-wrapper clearfix'>\n\n<style type=\"text\/css\" data-created_by=\"avia_inline_auto\" id=\"style-css-av-av_one_full-5c2940aec08386bc66704c18cd7c0942\">\n#top .flex_column.av-av_one_full-5c2940aec08386bc66704c18cd7c0942{\nmargin-top:0px;\nmargin-bottom:0px;\n}\n.flex_column.av-av_one_full-5c2940aec08386bc66704c18cd7c0942{\npadding:0% 0% 0% 0%;\n}\n.responsive #top #wrap_all .flex_column.av-av_one_full-5c2940aec08386bc66704c18cd7c0942{\nmargin-top:0px;\nmargin-bottom:0px;\n}\n<\/style>\n<div class='flex_column av-av_one_full-5c2940aec08386bc66704c18cd7c0942 av_one_full  avia-builder-el-1  avia-builder-el-no-sibling  first flex_column_div av-animated-generic left-to-right av-zero-column-padding'     ><style type=\"text\/css\" data-created_by=\"avia_inline_auto\" id=\"style-css-av-av_heading-7f303b903b2a7fa0eff1b81b8e8e9f4a\">\n#top .av-special-heading.av-av_heading-7f303b903b2a7fa0eff1b81b8e8e9f4a{\nmargin:0% 0% 0% 0%;\npadding-bottom:0;\ncolor:#5d5f5f;\nfont-size:24px;\n}\nbody .av-special-heading.av-av_heading-7f303b903b2a7fa0eff1b81b8e8e9f4a .av-special-heading-tag .heading-char{\nfont-size:25px;\n}\n#top #wrap_all .av-special-heading.av-av_heading-7f303b903b2a7fa0eff1b81b8e8e9f4a .av-special-heading-tag{\nfont-size:24px;\npadding:0% 0% 0% 0%;\n}\n.av-special-heading.av-av_heading-7f303b903b2a7fa0eff1b81b8e8e9f4a .special-heading-inner-border{\nborder-color:#5d5f5f;\n}\n.av-special-heading.av-av_heading-7f303b903b2a7fa0eff1b81b8e8e9f4a .av-subheading{\nfont-size:15px;\n}\n\n@media only screen and (max-width: 479px){ \n#top #wrap_all .av-special-heading.av-av_heading-7f303b903b2a7fa0eff1b81b8e8e9f4a .av-special-heading-tag{\nfont-size:20px;\n}\n}\n\n@media only screen and (min-width: 480px) and (max-width: 767px){ \n#top #wrap_all .av-special-heading.av-av_heading-7f303b903b2a7fa0eff1b81b8e8e9f4a .av-special-heading-tag{\nfont-size:0.8em;\n}\n}\n<\/style>\n<div  class='av-special-heading av-av_heading-7f303b903b2a7fa0eff1b81b8e8e9f4a av-special-heading-h1 custom-color-heading blockquote modern-quote  avia-builder-el-2  avia-builder-el-no-sibling  av-inherit-size'><h1 class='av-special-heading-tag'  itemprop=\"headline\"  >INTEGRITETSPOLICY<\/h1><div class=\"special-heading-border\"><div class=\"special-heading-inner-border\"><\/div><\/div><\/div><\/div>\n\n<\/div><\/div><\/main><!-- close content main element --><\/div><\/div>\n<style type=\"text\/css\" data-created_by=\"avia_inline_auto\" id=\"style-css-av-av_section-e80c29b93aac01dba0f3b6b54b77d0cf\">\n.avia-section.av-av_section-e80c29b93aac01dba0f3b6b54b77d0cf{\nmargin-top:2%;\nmargin-bottom:2%;\n}\n<\/style>\n<div id='av_section_2'  class='avia-section av-av_section-e80c29b93aac01dba0f3b6b54b77d0cf main_color avia-section-default avia-no-border-styling  avia-builder-el-3  el_after_av_section  avia-builder-el-last  avia-bg-style-scroll container_wrap sidebar_right'  ><div class='container av-section-cont-open' ><div class='template-page content  av-content-small alpha units'><div class='post-entry post-entry-type-page post-entry-3'><div class='entry-content-wrapper clearfix'>\n\n<style type=\"text\/css\" data-created_by=\"avia_inline_auto\" id=\"style-css-av-av_one_full-1ba6b84490bca59551541b57ca4133f4\">\n#top .flex_column.av-av_one_full-1ba6b84490bca59551541b57ca4133f4{\nmargin-top:0%;\nmargin-bottom:0%;\n}\n.flex_column.av-av_one_full-1ba6b84490bca59551541b57ca4133f4{\npadding:0% 0% 0% 0%;\n}\n.responsive #top #wrap_all .flex_column.av-av_one_full-1ba6b84490bca59551541b57ca4133f4{\nmargin-top:0%;\nmargin-bottom:0%;\n}\n<\/style>\n<div class='flex_column av-av_one_full-1ba6b84490bca59551541b57ca4133f4 av_one_full  avia-builder-el-4  avia-builder-el-no-sibling  first flex_column_div av-animated-generic fade-in av-zero-column-padding'     ><p>\n<style type=\"text\/css\" data-created_by=\"avia_inline_auto\" id=\"style-css-av-av_heading-24fbc5292636c2a41432412266ef7bf8\">\n#top .av-special-heading.av-av_heading-24fbc5292636c2a41432412266ef7bf8{\nmargin:0% 0% 0% 0%;\npadding-bottom:0;\nfont-size:48px;\n}\nbody .av-special-heading.av-av_heading-24fbc5292636c2a41432412266ef7bf8 .av-special-heading-tag .heading-char{\nfont-size:25px;\n}\n#top #wrap_all .av-special-heading.av-av_heading-24fbc5292636c2a41432412266ef7bf8 .av-special-heading-tag{\nfont-size:48px;\npadding:0% 0% 1% 0%;\n}\n.av-special-heading.av-av_heading-24fbc5292636c2a41432412266ef7bf8 .av-subheading{\nfont-size:15px;\n}\n\n@media only screen and (max-width: 479px){ \n#top #wrap_all .av-special-heading.av-av_heading-24fbc5292636c2a41432412266ef7bf8 .av-special-heading-tag{\nfont-size:28px;\n}\n}\n\n@media only screen and (min-width: 480px) and (max-width: 767px){ \n#top #wrap_all .av-special-heading.av-av_heading-24fbc5292636c2a41432412266ef7bf8 .av-special-heading-tag{\nfont-size:0.8em;\n}\n}\n<\/style>\n<div  class='av-special-heading av-av_heading-24fbc5292636c2a41432412266ef7bf8 av-special-heading-h1 blockquote modern-quote  avia-builder-el-5  el_before_av_textblock  avia-builder-el-first  av-inherit-size'><h1 class='av-special-heading-tag'  itemprop=\"headline\"  >1edo SEKRETESSUTTALANDE F\u00d6R WEBBPLATSEN<\/h1><div class=\"special-heading-border\"><div class=\"special-heading-inner-border\"><\/div><\/div><\/div><br \/>\n\n<style type=\"text\/css\" data-created_by=\"avia_inline_auto\" id=\"style-css-av-av_textblock-c45a5ea5b29b5b872b961519468d19fe\">\n#top .av_textblock_section.av-av_textblock-c45a5ea5b29b5b872b961519468d19fe .avia_textblock{\nfont-size:16px;\ntext-align:left;\n}\n\n@media only screen and (max-width: 479px){ \n#top .av_textblock_section.av-av_textblock-c45a5ea5b29b5b872b961519468d19fe .avia_textblock{\nfont-size:16px;\n}\n}\n<\/style>\n<section  class='av_textblock_section av-av_textblock-c45a5ea5b29b5b872b961519468d19fe'  itemscope=\"itemscope\" itemtype=\"https:\/\/schema.org\/CreativeWork\" ><div class='avia_textblock nocti_polly_vbnmdfgv'  itemprop=\"text\" ><p>Senast uppdaterad: juli 2023<br \/>\nDetta integritetsmeddelande f\u00f6rklarar hur 1edo samlar in och anv\u00e4nder personuppgifter fr\u00e5n bes\u00f6kare p\u00e5 sina webb- och mobilsajter som l\u00e4nkar direkt till detta meddelande (sammantaget &quot;Webbplatser&quot;). Dina personuppgifter kontrolleras av<br \/>\n1edo Europe SA (sammantaget &quot;1edo&quot;, &quot;Vi&quot; och &quot;Oss&quot;).<\/p>\n<h1>AKTIVT L\u00c4MNADE DATA<\/h1>\n<p>Om du ringer oss, skickar oss ett e-postmeddelande eller fyller i ett formul\u00e4r p\u00e5 en av v\u00e5ra webbplatser anv\u00e4nder vi informationen du tillhandah\u00e5ller f\u00f6r att svara p\u00e5 din f\u00f6rfr\u00e5gan eller f\u00f6r att p\u00e5 annat s\u00e4tt kommunicera med dig eller hj\u00e4lpa dig. Om du g\u00f6r k\u00f6p via v\u00e5ra webbplatser kan vi samla in data som beh\u00f6vs f\u00f6r att behandla din best\u00e4llning, s\u00e5som din leveransadress, best\u00e4llda produkter och din kontaktinformation.<\/p>\n<h1>PASSIVT TILLHANDAH\u00c5LLANDE DATA<\/h1>\n<p>N\u00e4r du g\u00e5r in p\u00e5 v\u00e5ra webbplatser, beroende p\u00e5 dina val, delas viss information om din dator eller mobila enhet med oss, vilket kan inkludera de aktiviteter du utf\u00f6r p\u00e5 v\u00e5ra webbplatser, vilken typ av h\u00e5rdvara och programvara du anv\u00e4nder, (t.ex. som ditt operativsystem eller webbl\u00e4sare), information lagrad i cookies, IP-adress, \u00e5tkomsttider, webbsidorna du kom ifr\u00e5n, regionerna fr\u00e5n vilka du navigerar p\u00e5 webbsidan och webbsidorna du kommer \u00e5t. Vi anv\u00e4nder denna information f\u00f6r att b\u00e4ttre f\u00f6rst\u00e5 anv\u00e4ndarnas intressen p\u00e5 v\u00e5ra webbplatser, f\u00f6r att f\u00f6rb\u00e4ttra v\u00e5ra webbplatser, tj\u00e4nster och produkter.<\/p>\n<p>Vi svarar f\u00f6r n\u00e4rvarande inte p\u00e5 &quot;Sp\u00e5ra inte&quot;-signaler i webbl\u00e4sare eftersom vi f\u00f6rs\u00f6ker tillhandah\u00e5lla en anpassad webbplatsupplevelse.<\/p>\n<h1>SM\u00c5KAKOR<\/h1>\n<p>1edo anv\u00e4nder cookies som i huvudsak \u00e4r sm\u00e5 datafiler som placeras p\u00e5 din dator, surfplatta, mobiltelefon eller andra enheter. Klicka h\u00e4r f\u00f6r att l\u00e4ra dig mer om cookies.<\/p>\n<h1>DATAANV\u00c4NDNING OCH DELNING<\/h1>\n<p>Vi anv\u00e4nder den data vi samlar in f\u00f6r att ge dig rika, interaktiva upplevelser. I synnerhet kan vi anv\u00e4nda data f\u00f6r att:<\/p>\n<ul>\n<li>tillhandah\u00e5lla tj\u00e4nsten eller utf\u00f6ra transaktionerna p\u00e5 din beg\u00e4ran;<\/li>\n<li>f\u00f6rb\u00e4ttra och utveckla v\u00e5ra produkter;<\/li>\n<li>anpassa din upplevelse;<\/li>\n<li>behandla jobbans\u00f6kningar som du skickar in via v\u00e5ra webbplatser;<\/li>\n<li>annonsera och marknadsf\u00f6ra till dig i enlighet med till\u00e4mpliga juridiska krav, vilket kan inkludera att skicka reklammeddelanden, inriktning<\/li>\n<li>annonsera och presentera relevanta erbjudanden f\u00f6r dig.<\/li>\n<\/ul>\n<h1>BARN<\/h1>\n<p>Vi samlar inte in eller uppr\u00e4tth\u00e5ller medvetet information om personer under 13 \u00e5r. Om vi f\u00e5r reda p\u00e5 att information om personer under 13 \u00e5r har samlats in p\u00e5 eller via webbplatserna kommer vi att vidta l\u00e4mpliga \u00e5tg\u00e4rder f\u00f6r att radera denna information. Om du \u00e4r f\u00f6r\u00e4lder eller v\u00e5rdnadshavare till ett barn under 13 \u00e5r som har registrerat sig f\u00f6r ett konto eller en tj\u00e4nst p\u00e5 v\u00e5ra webbplatser, v\u00e4nligen kontakta oss med hj\u00e4lp av kontaktinformationen nedan f\u00f6r att f\u00e5 barnets konto eller tj\u00e4nst att avslutas och personlig information raderad.<\/p>\n<h1>DATABEVARING<\/h1>\n<p>Vi beh\u00e5ller personuppgifter s\u00e5 l\u00e4nge det \u00e4r n\u00f6dv\u00e4ndigt f\u00f6r att tillhandah\u00e5lla funktionalitet och uppfylla de transaktioner du har beg\u00e4rt, eller f\u00f6r andra legitima \u00e4ndam\u00e5l som att f\u00f6lja v\u00e5ra r\u00e4ttsliga skyldigheter, l\u00f6sa tvister och uppr\u00e4tth\u00e5lla v\u00e5ra avtal. Eftersom dessa behov kan variera f\u00f6r olika datatyper, sammanhanget f\u00f6r v\u00e5ra interaktioner med dig eller din anv\u00e4ndning av v\u00e5ra webbplatser, kan faktiska lagringsperioder variera avsev\u00e4rt.<\/p>\n<h1>DATAS\u00c4KERHET<\/h1>\n<p>Vi anv\u00e4nder TLS-certifikat, kryptering, data\u00e5tkomstbegr\u00e4nsningar, antivirusprogram och brandv\u00e4ggar f\u00f6r att minska risken f\u00f6r obeh\u00f6rig \u00e5tkomst till personuppgifter. Ingen data\u00f6verf\u00f6ring \u00f6ver Internet eller n\u00e5got tr\u00e5dl\u00f6st n\u00e4tverk \u00e4r helt s\u00e4ker. Var uppm\u00e4rksam p\u00e5 s\u00e4kerhetsrisker n\u00e4r du \u00f6verf\u00f6r personuppgifter till oss och n\u00e4r du publicerar information i v\u00e5ra offentliga forum.<br \/>\nOm du vill rapportera n\u00e5gra s\u00e4kerhetsproblem i n\u00e5gon av v\u00e5ra produkter, v\u00e4nligen fyll i formul\u00e4ret och n\u00f6dv\u00e4ndiga bilagor och skicka det till 1edo Security.<\/p>\n<h1>KONTROLLERA OCH \u00c5TKOMMA DIN INFORMATION<\/h1>\n<p>Du kan beg\u00e4ra att vi uppdaterar eller tar bort\/avaktiverar viss information som r\u00f6r dig.<\/p>\n<p>Om vi inte kan ta bort viss personlig information kommer vi att meddela dig varf\u00f6r. Om du har prenumererat p\u00e5 marknadsf\u00f6ringsmeddelanden kan du stoppa leveransen genom att f\u00f6lja instruktionerna f\u00f6r att avsluta prenumerationen i det mottagna e-postmeddelandet eller p\u00e5 sidan f\u00f6r prenumerationshantering p\u00e5 v\u00e5r webbplats: https:\/\/blogs.1edo.com\/subscribe.<\/p>\n<p>Du har ocks\u00e5 r\u00e4tt att beg\u00e4ra hur dina uppgifter behandlas och vem vi delar dem med.<\/p>\n<p>Dessutom, om du anser att viss information som 1edo behandlar om dig \u00e4r felaktig, har du r\u00e4tt att f\u00e5 denna information korrigerad.<\/p>\n<p>Vi kommer att str\u00e4va efter att svara p\u00e5 din beg\u00e4ran om att granska den information vi har registrerat f\u00f6r dig inom 30 dagar fr\u00e5n att vi mottagit en s\u00e5dan beg\u00e4ran.<\/p>\n<p>Om du har fr\u00e5gor, kommentarer eller vill g\u00f6ra en f\u00f6rfr\u00e5gan ang\u00e5ende dina uppgifter eller v\u00e5ra uttalanden, tidigare uttalanden och datapraxis, v\u00e4nligen kontakta oss p\u00e5 support.1edo.com\/response-center eller genom f\u00f6ljande metoder:<\/p>\n<p>Telefon: +86-755-61811368<br \/>\nKontakta\uff1asupport.1edo.com\/response-center<br \/>\nPost: 5F, Byggnad B20, Hengfeng Industrial Park, Xixiangtown, Bao&#039;an-distriktet, Shenzhen, Kina<\/p>\n<p>Om du inte \u00e4r n\u00f6jd med v\u00e5rt svar kan du h\u00e4nskjuta ditt integritetsklagom\u00e5l eller tvist till relevant statlig eller nationell dataskyddsmyndighet i din jurisdiktion.<\/p>\n<h1>\u00c4NDRA I DETTA UTTALANDE<\/h1>\n<p>Vi kommer d\u00e5 och d\u00e5 att uppdatera detta uttalande. Om det finns v\u00e4sentliga \u00e4ndringar i detta uttalande eller i hur vi kommer att anv\u00e4nda din personliga information, kommer vi att l\u00e4gga upp \u00e4ndringarna p\u00e5 framtr\u00e4dande plats innan vi g\u00f6r dem.<\/p>\n<p>Vi kommer inte att g\u00f6ra n\u00e5gra \u00e4ndringar som \u00e4r mindre skyddande f\u00f6r din personliga information som samlats in tidigare utan ditt medgivande.<\/p>\n<p>Vi uppmuntrar dig att med j\u00e4mna mellanrum granska detta uttalande f\u00f6r att bli informerad om hur vi skyddar din information.<\/p>\n<p>Tack f\u00f6r ditt intresse f\u00f6r 1edo och v\u00e5ra produkter och tj\u00e4nster.<\/p>\n<\/div><\/section><\/p><\/div>\n<\/div><\/div><\/div><!-- close content main div --><\/div><\/div><div id='after_section_2'  class='main_color av_default_container_wrap container_wrap sidebar_right'  ><div class='container av-section-cont-open' ><div class='template-page content  av-content-small alpha units'><div class='post-entry post-entry-type-page post-entry-3'><div class='entry-content-wrapper clearfix'>","protected":false},"excerpt":{"rendered":"","protected":false},"author":1,"featured_media":0,"parent":0,"menu_order":0,"comment_status":"closed","ping_status":"open","template":"","meta":{"footnotes":""},"class_list":["post-3","page","type-page","status-publish","hentry"],"yoast_head":"<!-- This site is optimized with the Yoast SEO Premium plugin v26.5 (Yoast SEO v26.7) - https:\/\/yoast.com\/wordpress\/plugins\/seo\/ -->\n<title>Privacy Policy - 1edo blogs<\/title>\n<meta name=\"description\" content=\"1edo blogs Privacy Policy, At 1edo, we prioritize your privacy. Learn more about our product privacy policy and how we protect Your personal information. Please visit us now to read our policy.\" \/>\n<meta name=\"robots\" content=\"index, follow, max-snippet:-1, max-image-preview:large, max-video-preview:-1\" \/>\n<link rel=\"canonical\" href=\"https:\/\/blogs41.1edo.com\/se\/privacy-policy\/\" \/>\n<meta property=\"og:locale\" content=\"sv_SE\" \/>\n<meta property=\"og:type\" content=\"article\" \/>\n<meta property=\"og:title\" content=\"Privacy Policy\" \/>\n<meta property=\"og:description\" content=\"1edo blogs Privacy Policy, At 1edo, we prioritize your privacy. Learn more about our product privacy policy and how we protect Your personal information. Please visit us now to read our policy.\" \/>\n<meta property=\"og:url\" content=\"https:\/\/blogs41.1edo.com\/se\/privacy-policy\/\" \/>\n<meta property=\"og:site_name\" content=\"1edo blogs\" \/>\n<meta property=\"article:modified_time\" content=\"2024-05-30T01:52:23+00:00\" \/>\n<meta name=\"twitter:card\" content=\"summary_large_image\" \/>\n<meta name=\"twitter:label1\" content=\"Ber\u00e4knad l\u00e4stid\" \/>\n\t<meta name=\"twitter:data1\" content=\"8 minuter\" \/>\n<script type=\"application\/ld+json\" class=\"yoast-schema-graph\">{\"@context\":\"https:\/\/schema.org\",\"@graph\":[{\"@type\":\"WebPage\",\"@id\":\"https:\/\/blogs41.1edo.com\/privacy-policy\/\",\"url\":\"https:\/\/blogs41.1edo.com\/privacy-policy\/\",\"name\":\"Privacy Policy - 1edo blogs\",\"isPartOf\":{\"@id\":\"https:\/\/blogs41.1edo.com\/#website\"},\"datePublished\":\"2023-08-01T23:58:36+00:00\",\"dateModified\":\"2024-05-30T01:52:23+00:00\",\"description\":\"1edo blogs Privacy Policy, At 1edo, we prioritize your privacy. Learn more about our product privacy policy and how we protect Your personal information. Please visit us now to read our policy.\",\"breadcrumb\":{\"@id\":\"https:\/\/blogs41.1edo.com\/privacy-policy\/#breadcrumb\"},\"inLanguage\":\"sv-SE\",\"potentialAction\":[{\"@type\":\"ReadAction\",\"target\":[\"https:\/\/blogs41.1edo.com\/privacy-policy\/\"]}]},{\"@type\":\"BreadcrumbList\",\"@id\":\"https:\/\/blogs41.1edo.com\/privacy-policy\/#breadcrumb\",\"itemListElement\":[{\"@type\":\"ListItem\",\"position\":1,\"name\":\"Home\",\"item\":\"https:\/\/blogs41.1edo.com\/\"},{\"@type\":\"ListItem\",\"position\":2,\"name\":\"Privacy Policy\"}]},{\"@type\":\"WebSite\",\"@id\":\"https:\/\/blogs41.1edo.com\/#website\",\"url\":\"https:\/\/blogs41.1edo.com\/\",\"name\":\"1edo blogs\",\"description\":\"1edo blogs\",\"potentialAction\":[{\"@type\":\"SearchAction\",\"target\":{\"@type\":\"EntryPoint\",\"urlTemplate\":\"https:\/\/blogs41.1edo.com\/?s={search_term_string}\"},\"query-input\":{\"@type\":\"PropertyValueSpecification\",\"valueRequired\":true,\"valueName\":\"search_term_string\"}}],\"inLanguage\":\"sv-SE\"}]}<\/script>\n<!-- \/ Yoast SEO Premium plugin. -->","yoast_head_json":{"title":"Sekretesspolicy - 1edo-bloggar","description":"1edo blogs Privacy Policy, At 1edo, we prioritize your privacy. Learn more about our product privacy policy and how we protect Your personal information. Please visit us now to read our policy.","robots":{"index":"index","follow":"follow","max-snippet":"max-snippet:-1","max-image-preview":"max-image-preview:large","max-video-preview":"max-video-preview:-1"},"canonical":"https:\/\/blogs41.1edo.com\/se\/privacy-policy\/","og_locale":"sv_SE","og_type":"article","og_title":"Privacy Policy","og_description":"1edo blogs Privacy Policy, At 1edo, we prioritize your privacy. Learn more about our product privacy policy and how we protect Your personal information. Please visit us now to read our policy.","og_url":"https:\/\/blogs41.1edo.com\/se\/privacy-policy\/","og_site_name":"1edo blogs","article_modified_time":"2024-05-30T01:52:23+00:00","twitter_card":"summary_large_image","twitter_misc":{"Ber\u00e4knad l\u00e4stid":"8 minuter"},"schema":{"@context":"https:\/\/schema.org","@graph":[{"@type":"WebPage","@id":"https:\/\/blogs41.1edo.com\/privacy-policy\/","url":"https:\/\/blogs41.1edo.com\/privacy-policy\/","name":"Sekretesspolicy - 1edo-bloggar","isPartOf":{"@id":"https:\/\/blogs41.1edo.com\/#website"},"datePublished":"2023-08-01T23:58:36+00:00","dateModified":"2024-05-30T01:52:23+00:00","description":"1edo blogs Privacy Policy, At 1edo, we prioritize your privacy. Learn more about our product privacy policy and how we protect Your personal information. Please visit us now to read our policy.","breadcrumb":{"@id":"https:\/\/blogs41.1edo.com\/privacy-policy\/#breadcrumb"},"inLanguage":"sv-SE","potentialAction":[{"@type":"ReadAction","target":["https:\/\/blogs41.1edo.com\/privacy-policy\/"]}]},{"@type":"BreadcrumbList","@id":"https:\/\/blogs41.1edo.com\/privacy-policy\/#breadcrumb","itemListElement":[{"@type":"ListItem","position":1,"name":"Home","item":"https:\/\/blogs41.1edo.com\/"},{"@type":"ListItem","position":2,"name":"Privacy Policy"}]},{"@type":"WebSite","@id":"https:\/\/blogs41.1edo.com\/#website","url":"https:\/\/blogs41.1edo.com\/","name":"1edo bloggar","description":"1edo bloggar","potentialAction":[{"@type":"SearchAction","target":{"@type":"EntryPoint","urlTemplate":"https:\/\/blogs41.1edo.com\/?s={search_term_string}"},"query-input":{"@type":"PropertyValueSpecification","valueRequired":true,"valueName":"search_term_string"}}],"inLanguage":"sv-SE"}]}},"_links":{"self":[{"href":"https:\/\/blogs41.1edo.com\/se\/wp-json\/wp\/v2\/pages\/3","targetHints":{"allow":["GET"]}}],"collection":[{"href":"https:\/\/blogs41.1edo.com\/se\/wp-json\/wp\/v2\/pages"}],"about":[{"href":"https:\/\/blogs41.1edo.com\/se\/wp-json\/wp\/v2\/types\/page"}],"author":[{"embeddable":true,"href":"https:\/\/blogs41.1edo.com\/se\/wp-json\/wp\/v2\/users\/1"}],"replies":[{"embeddable":true,"href":"https:\/\/blogs41.1edo.com\/se\/wp-json\/wp\/v2\/comments?post=3"}],"version-history":[{"count":3,"href":"https:\/\/blogs41.1edo.com\/se\/wp-json\/wp\/v2\/pages\/3\/revisions"}],"predecessor-version":[{"id":6835,"href":"https:\/\/blogs41.1edo.com\/se\/wp-json\/wp\/v2\/pages\/3\/revisions\/6835"}],"wp:attachment":[{"href":"https:\/\/blogs41.1edo.com\/se\/wp-json\/wp\/v2\/media?parent=3"}],"curies":[{"name":"wp","href":"https:\/\/api.w.org\/{rel}","templated":true}]}}